{"id":33955,"date":"2026-02-06T13:14:41","date_gmt":"2026-02-06T12:14:41","guid":{"rendered":"https:\/\/grupotextil.es\/servicios\/"},"modified":"2026-03-04T05:47:14","modified_gmt":"2026-03-04T04:47:14","slug":"servicios","status":"publish","type":"page","link":"https:\/\/grupotextil.es\/ca\/servicios\/","title":{"rendered":"Servicios"},"content":{"rendered":"<div style=\"max-width:860px;margin:0 auto;padding:40px 20px 60px;\">\n<p class=\"is-xsmall uppercase count\">\n\t\t\t\t\t\t\t2 Productos\t\t\t\t\t\t<\/p>\n<p class=\"is-xsmall uppercase count\">\n\t\t\t\t\t\t\t3 Productos\t\t\t\t\t\t<\/p>\n<h2>\u00bfEn qu\u00e9  consiste?<\/h2>\n<p>La t\u00e9cnica de impresi\u00f3n DTF, <strong>Direct Transfer to Film<\/strong>, se trata de una t\u00e9cnica de personalizaci\u00f3n mediante la impresi\u00f3n de un <strong>film que se transfiere directamente a la prenda<\/strong> a personalizar. Una de las ventajas del DTF es la libertad de poder elegir prendas de casi <strong>cualquier tejido<\/strong>: algod\u00f3n, poli\u00e9ster o mezcla de fibras sint\u00e9ticas.<\/p>\n<p>Primero se imprime a todo color el dise\u00f1o en el film, luego se imprime encima una capa base de color blanco sobre la que se fija un adhesivo de cola en polvo. Una vez aplicada el adhesivo, el film con el dise\u00f1o impreso pasa por un t\u00fanel de secado donde el transfer se seca a una temperatura constante. Finalmente, preparado el DTF ya solo queda plancharlo en la prenda.<\/p>\n<p>Consulta m\u00e1s informaci\u00f3n <a href=\"https:\/\/grupotextil.es\/ca\/dtf\/\">aqu\u00ed<\/a><\/p>\n<h2>\u00bfEn qu\u00e9  consiste?<\/h2>\n<p>El Vinilo es un material utilizado entre otras cosas para la estampaci\u00f3n de dise\u00f1os en textil. El dise\u00f1o se env\u00eda al <strong>plotter<\/strong> el cual se encarga de cortarlo. Posteriormente de forma manual se eliminan las partes sobrantes y por \u00faltimo se estampa en la prenda utilizando una <strong>prensa t\u00e9rmica.<\/strong><\/p>\n<p>Si no sabes cual de ellos es el que necesitas a continuaci\u00f3n puedes descargar las fichas de cada producto con sus caracter\u00edsticas:<\/p>\n<ul> <li><a href=\"https:\/\/grupotextil.es\/ca\/product_documents\/get\/document\/id\/665\/\" target=\"_blank\">Poli \u2013 Flex Block Out (No Sublima)<\/a><\/li> <li><a href=\"https:\/\/grupotextil.es\/ca\/product_documents\/get\/document\/id\/207\/\" target=\"_blank\">Poli \u2013 Flex Premium<\/a><\/li> <li><a href=\"https:\/\/grupotextil.es\/ca\/product_documents\/get\/document\/id\/209\/\" target=\"_blank\">Poli \u2013 Flok \u2013 Prime<\/a><\/li> <\/ul>\n<p>Ahora tambi\u00e9n en primicia, presentamos el vinilo m\u00e1s eficiente del mercado: Vinilo POLI-FLEX\u00ae TURBO. Se estampa a menor temperatura y a gran velocidad. Pr\u00f3ximamente disponible, pero de momento puedes, a trav\u00e9s de nosotros, conocerlo un poco m\u00e1s.<\/p>\n<ul> <li><a href=\"https:\/\/www.rafasshop.es\/media\/rafasshop\/vinilo\/POLI-FLEX_TURBO_es.pdf\" target=\"_blank\" rel=\"noopener\">Poli \u2013 Flex Turbo<\/a><\/li> <\/ul>\n<p><strong>Recomendaci\u00f3n de transferencia y lavado:<\/strong><\/p>\n<ul><li><a href=\"https:\/\/www.rafasshop.es\/media\/rafasshop\/vinilo\/PT_RYL.pdf\" target=\"_blank\" rel=\"noopener\">Recomendaciones<\/a><\/li><\/ul>\n<p>Adem\u00e1s de camisetas y sudaderas, en nuestra web disponemos de muchos productos preparados para personalizar que pueden ser perfectos para <a href=\"https:\/\/grupotextil.es\/ca\/merchandising\/\">merchandising<\/a>, como <a href=\"https:\/\/grupotextil.es\/ca\/gorras\/\">gorras<\/a>, <a href=\"https:\/\/grupotextil.es\/ca\/mochilas\/\">mochilas multiusos<\/a>, <a href=\"https:\/\/grupotextil.es\/ca\/ropa-interior\/\">ropa interior<\/a>, <a href=\"https:\/\/grupotextil.es\/ca\/toallas\/\">toallas<\/a>&#8230;<\/p>\n<\/div>","protected":false},"excerpt":{"rendered":"<p>2 Productos 3 Productos \u00bfEn qu\u00e9 consiste? La t\u00e9cnica de impresi\u00f3n DTF, Direct Transfer to Film, se trata de una<\/p>","protected":false},"author":1,"featured_media":0,"parent":0,"menu_order":0,"comment_status":"closed","ping_status":"closed","template":"","meta":{"_acf_changed":false,"footnotes":""},"class_list":["post-33955","page","type-page","status-publish","hentry"],"acf":[],"_links":{"self":[{"href":"https:\/\/grupotextil.es\/ca\/wp-json\/wp\/v2\/pages\/33955","targetHints":{"allow":["GET"]}}],"collection":[{"href":"https:\/\/grupotextil.es\/ca\/wp-json\/wp\/v2\/pages"}],"about":[{"href":"https:\/\/grupotextil.es\/ca\/wp-json\/wp\/v2\/types\/page"}],"author":[{"embeddable":true,"href":"https:\/\/grupotextil.es\/ca\/wp-json\/wp\/v2\/users\/1"}],"replies":[{"embeddable":true,"href":"https:\/\/grupotextil.es\/ca\/wp-json\/wp\/v2\/comments?post=33955"}],"version-history":[{"count":0,"href":"https:\/\/grupotextil.es\/ca\/wp-json\/wp\/v2\/pages\/33955\/revisions"}],"wp:attachment":[{"href":"https:\/\/grupotextil.es\/ca\/wp-json\/wp\/v2\/media?parent=33955"}],"curies":[{"name":"wp","href":"https:\/\/api.w.org\/{rel}","templated":true}]}}