{"id":180944,"date":"2026-03-03T21:06:06","date_gmt":"2026-03-03T20:06:06","guid":{"rendered":"https:\/\/grupotextil.es\/producto\/sols-san-siro-kids-2\/"},"modified":"2026-03-04T09:18:12","modified_gmt":"2026-03-04T08:18:12","slug":"sols-san-siro-kids-2","status":"publish","type":"product","link":"https:\/\/grupotextil.es\/ca\/product\/sols-san-siro-kids-2\/","title":{"rendered":"SOL&#8217;S SAN SIRO KIDS 2"},"content":{"rendered":"<p><strong>Composici\u00f3n:<\/strong> 100% poli\u00e9ster plano<\/p>\n<p><strong>Caracter\u00edsticas:<\/strong> Cintur\u00f3n el\u00e1stico con cord\u00f3n de sujeci\u00f3n<br \/>Costuras reforzadas<\/p>\n<p><strong>Tallas disponibles:<\/strong> 10A,06A,12A,08A<\/p>\n<p><strong>Cuidado:<\/strong> 40\u00b0 \u00b7 Planchar a baja temperatura \u00b7 No se puede usar lej\u00eda<\/p>\n<p><strong>G\u00e9nero:<\/strong> Ni\u00f1o<\/p>","protected":false},"excerpt":{"rendered":"<p>PANTALONES CORTOS B\u00c1SICOS\u00a0PARA\u00a0NI\u00d1OS<\/p>","protected":false},"featured_media":236638,"comment_status":"open","ping_status":"closed","template":"","meta":{"_acf_changed":false},"product_brand":[14013],"product_cat":[13974,13975,13973],"product_tag":[],"class_list":{"0":"post-180944","1":"product","2":"type-product","3":"status-publish","4":"has-post-thumbnail","6":"product_brand-sols","7":"product_cat-ropa-hombre","8":"product_cat-ropa-mujer","9":"product_cat-ropa","10":"tm-no-options","12":"first","13":"instock","14":"taxable","15":"shipping-taxable","16":"product-type-variable"},"acf":[],"_links":{"self":[{"href":"https:\/\/grupotextil.es\/ca\/wp-json\/wp\/v2\/product\/180944","targetHints":{"allow":["GET"]}}],"collection":[{"href":"https:\/\/grupotextil.es\/ca\/wp-json\/wp\/v2\/product"}],"about":[{"href":"https:\/\/grupotextil.es\/ca\/wp-json\/wp\/v2\/types\/product"}],"replies":[{"embeddable":true,"href":"https:\/\/grupotextil.es\/ca\/wp-json\/wp\/v2\/comments?post=180944"}],"wp:featuredmedia":[{"embeddable":true,"href":"https:\/\/grupotextil.es\/ca\/wp-json\/wp\/v2\/media\/236638"}],"wp:attachment":[{"href":"https:\/\/grupotextil.es\/ca\/wp-json\/wp\/v2\/media?parent=180944"}],"wp:term":[{"taxonomy":"product_brand","embeddable":true,"href":"https:\/\/grupotextil.es\/ca\/wp-json\/wp\/v2\/product_brand?post=180944"},{"taxonomy":"product_cat","embeddable":true,"href":"https:\/\/grupotextil.es\/ca\/wp-json\/wp\/v2\/product_cat?post=180944"},{"taxonomy":"product_tag","embeddable":true,"href":"https:\/\/grupotextil.es\/ca\/wp-json\/wp\/v2\/product_tag?post=180944"}],"curies":[{"name":"wp","href":"https:\/\/api.w.org\/{rel}","templated":true}]}}