{"id":181434,"date":"2026-03-03T21:06:34","date_gmt":"2026-03-03T20:06:34","guid":{"rendered":"https:\/\/grupotextil.es\/producto\/sols-camp-nou-kids\/"},"modified":"2026-03-04T16:41:53","modified_gmt":"2026-03-04T15:41:53","slug":"sols-camp-nou-kids","status":"publish","type":"product","link":"https:\/\/grupotextil.es\/ca\/product\/sols-camp-nou-kids\/","title":{"rendered":"SOL&#8217;S CAMP NOU KIDS"},"content":{"rendered":"<p><strong>Composici\u00f3n:<\/strong> 100% poli\u00e9ster\u00a0brillante<\/p>\n<p><strong>Caracter\u00edsticas:<\/strong> Chaqueta: Bajos y mu\u00f1ecas con ajustes el\u00e1sticos<br \/>Cierre central con cremallera<br \/>2 bolsillos con cremalleras<br \/>Grandes canes\u00faes mesh transpirables en los laterales y mangas, garantizando una regularizaci\u00f3n de la transpiraci\u00f3n<br \/>Mangas con bordes el\u00e1sticos en la mu\u00f1eca<br \/>Cremallera personalizada<br \/>Pantalones: Cintur\u00f3n el\u00e1stico con cord\u00f3n de sujeci\u00f3n<br \/>2 bolsillos con cremalllera<br \/>Bajo ligeramente ajustado y cremallera con fuelle mesh<\/p>\n<p><strong>Tallas disponibles:<\/strong> 14A,10A,06A,12A,08A<\/p>\n<p><strong>Cuidado:<\/strong> 40\u00b0 \u00b7 Planchar a baja temperatura \u00b7 No se puede usar lej\u00eda<\/p>\n<p><strong>G\u00e9nero:<\/strong> Ni\u00f1o<\/p>","protected":false},"excerpt":{"rendered":"<p>CH\u00c1NDAL CLUB NI\u00d1O<\/p>","protected":false},"featured_media":241090,"comment_status":"open","ping_status":"closed","template":"","meta":{"_acf_changed":false},"product_brand":[14013],"product_cat":[13948,13954,13939,13974,13930,13975,13992,13983,13973],"product_tag":[],"class_list":{"0":"post-181434","1":"product","2":"type-product","3":"status-publish","4":"has-post-thumbnail","6":"product_brand-sols","7":"product_cat-accesorios","8":"product_cat-acc-bolsas-y-mochilas","9":"product_cat-deportivo","10":"product_cat-ropa-hombre","11":"product_cat-laboral","12":"product_cat-ropa-mujer","13":"product_cat-m-pantalones","14":"product_cat-h-pantalones","15":"product_cat-ropa","16":"tm-no-options","18":"first","19":"instock","20":"taxable","21":"shipping-taxable","22":"product-type-variable"},"acf":[],"_links":{"self":[{"href":"https:\/\/grupotextil.es\/ca\/wp-json\/wp\/v2\/product\/181434","targetHints":{"allow":["GET"]}}],"collection":[{"href":"https:\/\/grupotextil.es\/ca\/wp-json\/wp\/v2\/product"}],"about":[{"href":"https:\/\/grupotextil.es\/ca\/wp-json\/wp\/v2\/types\/product"}],"replies":[{"embeddable":true,"href":"https:\/\/grupotextil.es\/ca\/wp-json\/wp\/v2\/comments?post=181434"}],"wp:featuredmedia":[{"embeddable":true,"href":"https:\/\/grupotextil.es\/ca\/wp-json\/wp\/v2\/media\/241090"}],"wp:attachment":[{"href":"https:\/\/grupotextil.es\/ca\/wp-json\/wp\/v2\/media?parent=181434"}],"wp:term":[{"taxonomy":"product_brand","embeddable":true,"href":"https:\/\/grupotextil.es\/ca\/wp-json\/wp\/v2\/product_brand?post=181434"},{"taxonomy":"product_cat","embeddable":true,"href":"https:\/\/grupotextil.es\/ca\/wp-json\/wp\/v2\/product_cat?post=181434"},{"taxonomy":"product_tag","embeddable":true,"href":"https:\/\/grupotextil.es\/ca\/wp-json\/wp\/v2\/product_tag?post=181434"}],"curies":[{"name":"wp","href":"https:\/\/api.w.org\/{rel}","templated":true}]}}