{"id":186715,"date":"2026-03-03T21:11:25","date_gmt":"2026-03-03T20:11:25","guid":{"rendered":"https:\/\/grupotextil.es\/producto\/sols-space\/"},"modified":"2026-03-05T04:27:55","modified_gmt":"2026-03-05T03:27:55","slug":"sols-space","status":"publish","type":"product","link":"https:\/\/grupotextil.es\/ca\/product\/sols-space\/","title":{"rendered":"SOL&#8217;S SPACE"},"content":{"rendered":"<p><strong>Composici\u00f3n:<\/strong> 80% algod\u00f3n org\u00e1nico &#8211; 20% poli\u00e9ster reciclado<br \/>3 hilos\u00a0<br \/>Forro cepillado<br \/>Exterior: 100% algod\u00f3n org\u00e1nico<\/p>\n<p><strong>Caracter\u00edsticas:<\/strong> Cortada y cosida<br \/>Mangas ragl\u00e1n<br \/>Acabado de canal\u00e9 2&#215;2 en cuello, pu\u00f1os y bajos<br \/>Media luna en el interior del cuello<br \/>Tapacosturas en el interior del cuello<\/p>\n<p><strong>Tallas disponibles:<\/strong> 3XL,XXS,XL,M,XS,XXL,L,S<\/p>\n<p><strong>Propiedades:<\/strong> unisex, soft touch<\/p>\n<p><strong>Cuidado:<\/strong> 40\u00b0 \u00b7 Planchar a baja temperatura \u00b7 No se puede usar lej\u00eda<\/p>\n<p><strong>G\u00e9nero:<\/strong> Hombre,Unisex,Mujer<\/p>","protected":false},"excerpt":{"rendered":"<p>SUDADERA UNISEX DE CUELLO REDONDO<\/p>","protected":false},"featured_media":246526,"comment_status":"open","ping_status":"closed","template":"","meta":{"_acf_changed":false},"product_brand":[14013],"product_cat":[13977,13974,13975,13973],"product_tag":[],"class_list":{"0":"post-186715","1":"product","2":"type-product","3":"status-publish","4":"has-post-thumbnail","6":"product_brand-sols","7":"product_cat-h-camisetas-manga-corta","8":"product_cat-ropa-hombre","9":"product_cat-ropa-mujer","10":"product_cat-ropa","11":"tm-no-options","13":"first","14":"instock","15":"taxable","16":"shipping-taxable","17":"product-type-variable"},"acf":[],"_links":{"self":[{"href":"https:\/\/grupotextil.es\/ca\/wp-json\/wp\/v2\/product\/186715","targetHints":{"allow":["GET"]}}],"collection":[{"href":"https:\/\/grupotextil.es\/ca\/wp-json\/wp\/v2\/product"}],"about":[{"href":"https:\/\/grupotextil.es\/ca\/wp-json\/wp\/v2\/types\/product"}],"replies":[{"embeddable":true,"href":"https:\/\/grupotextil.es\/ca\/wp-json\/wp\/v2\/comments?post=186715"}],"wp:featuredmedia":[{"embeddable":true,"href":"https:\/\/grupotextil.es\/ca\/wp-json\/wp\/v2\/media\/246526"}],"wp:attachment":[{"href":"https:\/\/grupotextil.es\/ca\/wp-json\/wp\/v2\/media?parent=186715"}],"wp:term":[{"taxonomy":"product_brand","embeddable":true,"href":"https:\/\/grupotextil.es\/ca\/wp-json\/wp\/v2\/product_brand?post=186715"},{"taxonomy":"product_cat","embeddable":true,"href":"https:\/\/grupotextil.es\/ca\/wp-json\/wp\/v2\/product_cat?post=186715"},{"taxonomy":"product_tag","embeddable":true,"href":"https:\/\/grupotextil.es\/ca\/wp-json\/wp\/v2\/product_tag?post=186715"}],"curies":[{"name":"wp","href":"https:\/\/api.w.org\/{rel}","templated":true}]}}