{"id":190008,"date":"2026-03-03T21:15:59","date_gmt":"2026-03-03T20:15:59","guid":{"rendered":"https:\/\/grupotextil.es\/producto\/neoblu-alfi-women\/"},"modified":"2026-03-05T04:28:04","modified_gmt":"2026-03-05T03:28:04","slug":"neoblu-alfi-women","status":"publish","type":"product","link":"https:\/\/grupotextil.es\/ca\/product\/neoblu-alfi-women\/","title":{"rendered":"NEOBLU ALFI WOMEN"},"content":{"rendered":"<p><strong>Composici\u00f3n:<\/strong> Exterior: tafet\u00e1n 2 capas 100% poli\u00e9ster reciclado con membrana de TPU<br \/>Forro: tafet\u00e1n 100% poli\u00e9ster reciclado 400T &#8211; Relleno: plum\u00f3n 100% poli\u00e9ster reciclado 360 g\/pza.<\/p>\n<p><strong>Caracter\u00edsticas:<\/strong> Corte c\u00f3modo y abrigado<br \/>Acabados totalmente tono sobre tono<br \/>Capucha forrada con cintas de ajuste, ojetes de metal y topes de caucho<br \/>Costuras soldadas en la capucha, en los hombros y en las mangas<br \/>Abertura principal con cremallera de pl\u00e1stico inyectado cursor doble met\u00e1lico<br \/>Abertura principal con tapete oculto,\u00a0imantado en el cuello y en la parte inferior para maximizar la protecci\u00f3n contra el fr\u00edo<br \/>Bolsillos a los lados con cremallera de nailon invertida repelen el agua<br \/>Forro pu\u00f1os con goma para comodidad y protecci\u00f3n contra el fr\u00edo<br \/>Interior con forro acolchado suave<br \/>Relleno grueso y confortable<br \/>Cinta de ajuste en la cintura<br \/>Bolsillo interior de parche con cierre imantado<br \/>Bolsillo interior vertical en el lado del coraz\u00f3n con cremallera invisible<br \/>Cremallera interior bajo del dorso para la personalizaci\u00f3n<br \/>Vuelta interior en el cuello en materia principal para la personalizaci\u00f3n<\/p>\n<p><strong>Tallas disponibles:<\/strong> XXL,L,S,3XL,XL,M<\/p>\n<p><strong>Propiedades:<\/strong> twin, water repellent, windproof, waterproof<\/p>\n<p><strong>Cuidado:<\/strong> 30\u00b0 \u00b7 Planchar a baja temperatura \u00b7 No se puede usar lej\u00eda<\/p>\n<p><strong>G\u00e9nero:<\/strong> Mujer,Twin<\/p>","protected":false},"excerpt":{"rendered":"<p>CHAQUETA MUJER ABRIGADA<\/p>","protected":false},"featured_media":250244,"comment_status":"open","ping_status":"closed","template":"","meta":{"_acf_changed":false},"product_brand":[14014],"product_cat":[13954,13974,13975,13973],"product_tag":[],"class_list":{"0":"post-190008","1":"product","2":"type-product","3":"status-publish","4":"has-post-thumbnail","6":"product_brand-neoblu","7":"product_cat-acc-bolsas-y-mochilas","8":"product_cat-ropa-hombre","9":"product_cat-ropa-mujer","10":"product_cat-ropa","11":"tm-no-options","13":"first","14":"instock","15":"taxable","16":"shipping-taxable","17":"product-type-variable"},"acf":[],"_links":{"self":[{"href":"https:\/\/grupotextil.es\/ca\/wp-json\/wp\/v2\/product\/190008","targetHints":{"allow":["GET"]}}],"collection":[{"href":"https:\/\/grupotextil.es\/ca\/wp-json\/wp\/v2\/product"}],"about":[{"href":"https:\/\/grupotextil.es\/ca\/wp-json\/wp\/v2\/types\/product"}],"replies":[{"embeddable":true,"href":"https:\/\/grupotextil.es\/ca\/wp-json\/wp\/v2\/comments?post=190008"}],"wp:featuredmedia":[{"embeddable":true,"href":"https:\/\/grupotextil.es\/ca\/wp-json\/wp\/v2\/media\/250244"}],"wp:attachment":[{"href":"https:\/\/grupotextil.es\/ca\/wp-json\/wp\/v2\/media?parent=190008"}],"wp:term":[{"taxonomy":"product_brand","embeddable":true,"href":"https:\/\/grupotextil.es\/ca\/wp-json\/wp\/v2\/product_brand?post=190008"},{"taxonomy":"product_cat","embeddable":true,"href":"https:\/\/grupotextil.es\/ca\/wp-json\/wp\/v2\/product_cat?post=190008"},{"taxonomy":"product_tag","embeddable":true,"href":"https:\/\/grupotextil.es\/ca\/wp-json\/wp\/v2\/product_tag?post=190008"}],"curies":[{"name":"wp","href":"https:\/\/api.w.org\/{rel}","templated":true}]}}