{"id":191234,"date":"2026-03-03T21:17:26","date_gmt":"2026-03-03T20:17:26","guid":{"rendered":"https:\/\/grupotextil.es\/producto\/sols-calipso\/"},"modified":"2026-03-05T04:28:06","modified_gmt":"2026-03-05T03:28:06","slug":"sols-calipso","status":"publish","type":"product","link":"https:\/\/grupotextil.es\/ca\/product\/sols-calipso\/","title":{"rendered":"SOL&#8217;S CALIPSO"},"content":{"rendered":"<p><strong>Composici\u00f3n:<\/strong> 85% algod\u00f3n\u00a0org\u00e1nico peinado &#8211; En conversi\u00f3n &#8211; 15% poli\u00e9ster reciclado<br \/>3 hilos<br \/>Interior no perchado<br \/>Exterior 100% algod\u00f3n\u00a0org\u00e1nico &#8211; En conversi\u00f3n<\/p>\n<p><strong>Caracter\u00edsticas:<\/strong> Cortada y cosida<br \/>Mangas montadas<br \/>Acabado canal\u00e9 2&#215;2 en pu\u00f1os y bajo<br \/>Bolsillo\u00a0tipo canguro<br \/>Capucha forrada de punto\u00a0jersey<br \/>Cord\u00f3n de ajuste con ojales y topes de metal<br \/>Abertura con cremallera oculta<br \/>Cremallera y tirador de metal<br \/>Media luna y tapacosturas de punto\u00a0jersey\u00a0en el cuello<\/p>\n<p><strong>Tallas disponibles:<\/strong> XL,M,XS,XXL,L,S,3XL<\/p>\n<p><strong>Propiedades:<\/strong> unisex<\/p>\n<p><strong>Cuidado:<\/strong> 40\u00b0 \u00b7 Planchar a baja temperatura \u00b7 No se puede usar lej\u00eda<\/p>\n<p><strong>G\u00e9nero:<\/strong> Hombre,Mujer,Unisex<\/p>","protected":false},"excerpt":{"rendered":"<p>SUDADERA UNISEX CON CREMALLERA Y CAPUCHA<\/p>","protected":false},"featured_media":251471,"comment_status":"open","ping_status":"closed","template":"","meta":{"_acf_changed":false},"product_brand":[14013],"product_cat":[13954,13974,13975,13973],"product_tag":[],"class_list":{"0":"post-191234","1":"product","2":"type-product","3":"status-publish","4":"has-post-thumbnail","6":"product_brand-sols","7":"product_cat-acc-bolsas-y-mochilas","8":"product_cat-ropa-hombre","9":"product_cat-ropa-mujer","10":"product_cat-ropa","11":"tm-no-options","13":"first","14":"instock","15":"taxable","16":"shipping-taxable","17":"product-type-variable"},"acf":[],"_links":{"self":[{"href":"https:\/\/grupotextil.es\/ca\/wp-json\/wp\/v2\/product\/191234","targetHints":{"allow":["GET"]}}],"collection":[{"href":"https:\/\/grupotextil.es\/ca\/wp-json\/wp\/v2\/product"}],"about":[{"href":"https:\/\/grupotextil.es\/ca\/wp-json\/wp\/v2\/types\/product"}],"replies":[{"embeddable":true,"href":"https:\/\/grupotextil.es\/ca\/wp-json\/wp\/v2\/comments?post=191234"}],"wp:featuredmedia":[{"embeddable":true,"href":"https:\/\/grupotextil.es\/ca\/wp-json\/wp\/v2\/media\/251471"}],"wp:attachment":[{"href":"https:\/\/grupotextil.es\/ca\/wp-json\/wp\/v2\/media?parent=191234"}],"wp:term":[{"taxonomy":"product_brand","embeddable":true,"href":"https:\/\/grupotextil.es\/ca\/wp-json\/wp\/v2\/product_brand?post=191234"},{"taxonomy":"product_cat","embeddable":true,"href":"https:\/\/grupotextil.es\/ca\/wp-json\/wp\/v2\/product_cat?post=191234"},{"taxonomy":"product_tag","embeddable":true,"href":"https:\/\/grupotextil.es\/ca\/wp-json\/wp\/v2\/product_tag?post=191234"}],"curies":[{"name":"wp","href":"https:\/\/api.w.org\/{rel}","templated":true}]}}