{"id":191941,"date":"2026-03-03T23:04:30","date_gmt":"2026-03-03T22:04:30","guid":{"rendered":"https:\/\/grupotextil.es\/producto\/sudadera-roly-urban-1067-hombre\/"},"modified":"2026-03-04T06:13:33","modified_gmt":"2026-03-04T05:13:33","slug":"sudadera-roly-urban-1067-hombre","status":"publish","type":"product","link":"https:\/\/grupotextil.es\/ca\/product\/sudadera-roly-urban-1067-hombre\/","title":{"rendered":"Sudadera Roly Urban 1067 Hombre"},"content":{"rendered":"<p>Sudadera con capucha de doble tejido, con cord\u00f3n ajustable, en acabados solido y bicolor. Cubrecosturas en el cuello y bolsillo canguro. Punto canal\u00e9 con elastano 1\u00d71 en pu\u00f1os y cintura. Modelo de ni\u00f1o sin cord\u00f3n.<\/p>","protected":false},"excerpt":{"rendered":"<p>Sudadera con capucha de doble tejido, con cord\u00f3n ajustable, en acabados solido y bicolor. Cubrecosturas en el cuello y bolsillo canguro. Punto canal\u00e9 con elastano 1\u00d71 en pu\u00f1os y cintura. Modelo de ni\u00f1o sin cord\u00f3n.<\/p>","protected":false},"featured_media":191942,"comment_status":"open","ping_status":"closed","template":"","meta":{"_acf_changed":false},"product_brand":[14011],"product_cat":[13939],"product_tag":[],"class_list":{"0":"post-191941","1":"product","2":"type-product","3":"status-publish","4":"has-post-thumbnail","6":"product_brand-roly","7":"product_cat-deportivo","8":"tm-no-options","10":"first","11":"instock","12":"taxable","13":"shipping-taxable","14":"product-type-variable"},"acf":[],"_links":{"self":[{"href":"https:\/\/grupotextil.es\/ca\/wp-json\/wp\/v2\/product\/191941","targetHints":{"allow":["GET"]}}],"collection":[{"href":"https:\/\/grupotextil.es\/ca\/wp-json\/wp\/v2\/product"}],"about":[{"href":"https:\/\/grupotextil.es\/ca\/wp-json\/wp\/v2\/types\/product"}],"replies":[{"embeddable":true,"href":"https:\/\/grupotextil.es\/ca\/wp-json\/wp\/v2\/comments?post=191941"}],"wp:featuredmedia":[{"embeddable":true,"href":"https:\/\/grupotextil.es\/ca\/wp-json\/wp\/v2\/media\/191942"}],"wp:attachment":[{"href":"https:\/\/grupotextil.es\/ca\/wp-json\/wp\/v2\/media?parent=191941"}],"wp:term":[{"taxonomy":"product_brand","embeddable":true,"href":"https:\/\/grupotextil.es\/ca\/wp-json\/wp\/v2\/product_brand?post=191941"},{"taxonomy":"product_cat","embeddable":true,"href":"https:\/\/grupotextil.es\/ca\/wp-json\/wp\/v2\/product_cat?post=191941"},{"taxonomy":"product_tag","embeddable":true,"href":"https:\/\/grupotextil.es\/ca\/wp-json\/wp\/v2\/product_tag?post=191941"}],"curies":[{"name":"wp","href":"https:\/\/api.w.org\/{rel}","templated":true}]}}