{"id":192294,"date":"2026-03-03T23:07:21","date_gmt":"2026-03-03T22:07:21","guid":{"rendered":"https:\/\/grupotextil.es\/producto\/chaqueta-roly-nebraska-6436-hombre\/"},"modified":"2026-03-10T01:58:52","modified_gmt":"2026-03-10T00:58:52","slug":"chaqueta-roly-nebraska-6436-hombre","status":"publish","type":"product","link":"https:\/\/grupotextil.es\/ca\/product\/chaqueta-roly-nebraska-6436-hombre\/","title":{"rendered":"Chaqueta Roly Nebraska 6436 Hombre"},"content":{"rendered":"<p>Softshell compuesto de 2 capas. Esta prenda cuenta con cremallera invertida a tono, con protector de barbilla y tirador. Forro interior en tejido polar. Bolsillo exterior en pecho derecho con cremallera a tono y tirador, y dos bolsillos exteriores con cremallera a tono y tirador. Ajustadores en pu\u00f1o con velcro. Bajo con cord\u00f3n el\u00e1stico y topes. Corte entallado en modelo mujer.<\/p>","protected":false},"excerpt":{"rendered":"<p>Softshell compuesto de 2 capas. Esta prenda cuenta con cremallera invertida a tono, con protector de barbilla y tirador. Forro interior en tejido polar. Bolsillo exterior en pecho derecho con cremallera a tono y tirador, y dos bolsillos exteriores con cremallera a tono y tirador. Ajustadores en pu\u00f1o con velcro. Bajo con cord\u00f3n el\u00e1stico y topes. Corte entallado en modelo mujer.<\/p>","protected":false},"featured_media":192295,"comment_status":"open","ping_status":"closed","template":"","meta":{"_acf_changed":false},"product_brand":[14011],"product_cat":[13981,14005,13939,13974,13973],"product_tag":[],"class_list":{"0":"post-192294","1":"product","2":"type-product","3":"status-publish","4":"has-post-thumbnail","6":"product_brand-roly","7":"product_cat-h-chaquetas-y-abrigos","8":"product_cat-rd-cortavientos","9":"product_cat-deportivo","10":"product_cat-ropa-hombre","11":"product_cat-ropa","12":"tm-no-options","14":"first","15":"instock","16":"taxable","17":"shipping-taxable","18":"product-type-variable"},"acf":[],"_links":{"self":[{"href":"https:\/\/grupotextil.es\/ca\/wp-json\/wp\/v2\/product\/192294","targetHints":{"allow":["GET"]}}],"collection":[{"href":"https:\/\/grupotextil.es\/ca\/wp-json\/wp\/v2\/product"}],"about":[{"href":"https:\/\/grupotextil.es\/ca\/wp-json\/wp\/v2\/types\/product"}],"replies":[{"embeddable":true,"href":"https:\/\/grupotextil.es\/ca\/wp-json\/wp\/v2\/comments?post=192294"}],"wp:featuredmedia":[{"embeddable":true,"href":"https:\/\/grupotextil.es\/ca\/wp-json\/wp\/v2\/media\/192295"}],"wp:attachment":[{"href":"https:\/\/grupotextil.es\/ca\/wp-json\/wp\/v2\/media?parent=192294"}],"wp:term":[{"taxonomy":"product_brand","embeddable":true,"href":"https:\/\/grupotextil.es\/ca\/wp-json\/wp\/v2\/product_brand?post=192294"},{"taxonomy":"product_cat","embeddable":true,"href":"https:\/\/grupotextil.es\/ca\/wp-json\/wp\/v2\/product_cat?post=192294"},{"taxonomy":"product_tag","embeddable":true,"href":"https:\/\/grupotextil.es\/ca\/wp-json\/wp\/v2\/product_tag?post=192294"}],"curies":[{"name":"wp","href":"https:\/\/api.w.org\/{rel}","templated":true}]}}