{"id":192535,"date":"2026-03-03T23:08:24","date_gmt":"2026-03-03T22:08:24","guid":{"rendered":"https:\/\/grupotextil.es\/producto\/sudadera-roly-badet-1058-unisex\/"},"modified":"2026-03-10T01:59:27","modified_gmt":"2026-03-10T00:59:27","slug":"sudadera-roly-badet-1058-unisex","status":"publish","type":"product","link":"https:\/\/grupotextil.es\/ca\/product\/sudadera-roly-badet-1058-unisex\/","title":{"rendered":"Sudadera Roly Badet 1058 Unisex"},"content":{"rendered":"<p>Sudadera bicolor unisex. Capucha con cuello cruzado y ojales met\u00e1licos, interior y cordones a contraste. Manga estilo rangl\u00e1n a contraste. Bolsillo canguro. Pu\u00f1os y bajo con punto canal\u00e9 con elastano 1\u00d71.<\/p>","protected":false},"excerpt":{"rendered":"<p>Sudadera bicolor unisex. Capucha con cuello cruzado y ojales met\u00e1licos, interior y cordones a contraste. Manga estilo rangl\u00e1n a contraste. Bolsillo canguro. Pu\u00f1os y bajo con punto canal\u00e9 con elastano 1\u00d71.<\/p>","protected":false},"featured_media":192536,"comment_status":"open","ping_status":"closed","template":"","meta":{"_acf_changed":false},"product_brand":[14011],"product_cat":[13975,13973,13989],"product_tag":[],"class_list":{"0":"post-192535","1":"product","2":"type-product","3":"status-publish","4":"has-post-thumbnail","6":"product_brand-roly","7":"product_cat-ropa-mujer","8":"product_cat-ropa","9":"product_cat-m-sudaderas","10":"tm-no-options","12":"first","13":"instock","14":"taxable","15":"shipping-taxable","16":"product-type-variable"},"acf":[],"_links":{"self":[{"href":"https:\/\/grupotextil.es\/ca\/wp-json\/wp\/v2\/product\/192535","targetHints":{"allow":["GET"]}}],"collection":[{"href":"https:\/\/grupotextil.es\/ca\/wp-json\/wp\/v2\/product"}],"about":[{"href":"https:\/\/grupotextil.es\/ca\/wp-json\/wp\/v2\/types\/product"}],"replies":[{"embeddable":true,"href":"https:\/\/grupotextil.es\/ca\/wp-json\/wp\/v2\/comments?post=192535"}],"wp:featuredmedia":[{"embeddable":true,"href":"https:\/\/grupotextil.es\/ca\/wp-json\/wp\/v2\/media\/192536"}],"wp:attachment":[{"href":"https:\/\/grupotextil.es\/ca\/wp-json\/wp\/v2\/media?parent=192535"}],"wp:term":[{"taxonomy":"product_brand","embeddable":true,"href":"https:\/\/grupotextil.es\/ca\/wp-json\/wp\/v2\/product_brand?post=192535"},{"taxonomy":"product_cat","embeddable":true,"href":"https:\/\/grupotextil.es\/ca\/wp-json\/wp\/v2\/product_cat?post=192535"},{"taxonomy":"product_tag","embeddable":true,"href":"https:\/\/grupotextil.es\/ca\/wp-json\/wp\/v2\/product_tag?post=192535"}],"curies":[{"name":"wp","href":"https:\/\/api.w.org\/{rel}","templated":true}]}}