{"id":192722,"date":"2026-03-03T23:09:05","date_gmt":"2026-03-03T22:09:05","guid":{"rendered":"https:\/\/grupotextil.es\/producto\/sudadera-roly-montblanc-6421-hombre\/"},"modified":"2026-03-04T06:13:34","modified_gmt":"2026-03-04T05:13:34","slug":"sudadera-roly-montblanc-6421-hombre","status":"publish","type":"product","link":"https:\/\/grupotextil.es\/ca\/product\/sudadera-roly-montblanc-6421-hombre\/","title":{"rendered":"Sudadera Roly Montblanc 6421 Hombre"},"content":{"rendered":"<p>Sudadera con capucha, cuello alto y cremallera completa. Detalle canal\u00e9 en contorno capucha y bolsillos. Bolsillo estilo canguro. Punto canal\u00e9 2\u00d72 en pu\u00f1os y cintura.<\/p>","protected":false},"excerpt":{"rendered":"<p>Sudadera con capucha, cuello alto y cremallera completa. Detalle canal\u00e9 en contorno capucha y bolsillos. Bolsillo estilo canguro. Punto canal\u00e9 2\u00d72 en pu\u00f1os y cintura.<\/p>","protected":false},"featured_media":192723,"comment_status":"open","ping_status":"closed","template":"","meta":{"_acf_changed":false},"product_brand":[14011],"product_cat":[13939],"product_tag":[],"class_list":{"0":"post-192722","1":"product","2":"type-product","3":"status-publish","4":"has-post-thumbnail","6":"product_brand-roly","7":"product_cat-deportivo","8":"tm-no-options","10":"first","11":"instock","12":"taxable","13":"shipping-taxable","14":"product-type-variable"},"acf":[],"_links":{"self":[{"href":"https:\/\/grupotextil.es\/ca\/wp-json\/wp\/v2\/product\/192722","targetHints":{"allow":["GET"]}}],"collection":[{"href":"https:\/\/grupotextil.es\/ca\/wp-json\/wp\/v2\/product"}],"about":[{"href":"https:\/\/grupotextil.es\/ca\/wp-json\/wp\/v2\/types\/product"}],"replies":[{"embeddable":true,"href":"https:\/\/grupotextil.es\/ca\/wp-json\/wp\/v2\/comments?post=192722"}],"wp:featuredmedia":[{"embeddable":true,"href":"https:\/\/grupotextil.es\/ca\/wp-json\/wp\/v2\/media\/192723"}],"wp:attachment":[{"href":"https:\/\/grupotextil.es\/ca\/wp-json\/wp\/v2\/media?parent=192722"}],"wp:term":[{"taxonomy":"product_brand","embeddable":true,"href":"https:\/\/grupotextil.es\/ca\/wp-json\/wp\/v2\/product_brand?post=192722"},{"taxonomy":"product_cat","embeddable":true,"href":"https:\/\/grupotextil.es\/ca\/wp-json\/wp\/v2\/product_cat?post=192722"},{"taxonomy":"product_tag","embeddable":true,"href":"https:\/\/grupotextil.es\/ca\/wp-json\/wp\/v2\/product_tag?post=192722"}],"curies":[{"name":"wp","href":"https:\/\/api.w.org\/{rel}","templated":true}]}}