{"id":192776,"date":"2026-03-03T23:09:22","date_gmt":"2026-03-03T22:09:22","guid":{"rendered":"https:\/\/grupotextil.es\/producto\/sudadera-roly-montblanc-6421-nino\/"},"modified":"2026-03-10T01:59:26","modified_gmt":"2026-03-10T00:59:26","slug":"sudadera-roly-montblanc-6421-nino","status":"publish","type":"product","link":"https:\/\/grupotextil.es\/ca\/product\/sudadera-roly-montblanc-6421-nino\/","title":{"rendered":"Sudadera Roly Montblanc 6421 Ni\u00f1o"},"content":{"rendered":"<p>Sudadera con capucha, cuello alto y cremallera completa. Detalle canal\u00e9 en contorno capucha y bolsillos. Bolsillo estilo canguro. Punto canal\u00e9 2\u00d72 en pu\u00f1os y cintura.<\/p>","protected":false},"excerpt":{"rendered":"<p>Sudadera con capucha, cuello alto y cremallera completa. Detalle canal\u00e9 en contorno capucha y bolsillos. Bolsillo estilo canguro. Punto canal\u00e9 2\u00d72 en pu\u00f1os y cintura.<\/p>","protected":false},"featured_media":192777,"comment_status":"open","ping_status":"closed","template":"","meta":{"_acf_changed":false},"product_brand":[14011],"product_cat":[13976,13973,13997],"product_tag":[],"class_list":{"0":"post-192776","1":"product","2":"type-product","3":"status-publish","4":"has-post-thumbnail","6":"product_brand-roly","7":"product_cat-ropa-nino","8":"product_cat-ropa","9":"product_cat-n-sudaderas","10":"tm-no-options","12":"first","13":"instock","14":"taxable","15":"shipping-taxable","16":"product-type-variable"},"acf":[],"_links":{"self":[{"href":"https:\/\/grupotextil.es\/ca\/wp-json\/wp\/v2\/product\/192776","targetHints":{"allow":["GET"]}}],"collection":[{"href":"https:\/\/grupotextil.es\/ca\/wp-json\/wp\/v2\/product"}],"about":[{"href":"https:\/\/grupotextil.es\/ca\/wp-json\/wp\/v2\/types\/product"}],"replies":[{"embeddable":true,"href":"https:\/\/grupotextil.es\/ca\/wp-json\/wp\/v2\/comments?post=192776"}],"wp:featuredmedia":[{"embeddable":true,"href":"https:\/\/grupotextil.es\/ca\/wp-json\/wp\/v2\/media\/192777"}],"wp:attachment":[{"href":"https:\/\/grupotextil.es\/ca\/wp-json\/wp\/v2\/media?parent=192776"}],"wp:term":[{"taxonomy":"product_brand","embeddable":true,"href":"https:\/\/grupotextil.es\/ca\/wp-json\/wp\/v2\/product_brand?post=192776"},{"taxonomy":"product_cat","embeddable":true,"href":"https:\/\/grupotextil.es\/ca\/wp-json\/wp\/v2\/product_cat?post=192776"},{"taxonomy":"product_tag","embeddable":true,"href":"https:\/\/grupotextil.es\/ca\/wp-json\/wp\/v2\/product_tag?post=192776"}],"curies":[{"name":"wp","href":"https:\/\/api.w.org\/{rel}","templated":true}]}}