{"id":193423,"date":"2026-03-03T23:11:47","date_gmt":"2026-03-03T22:11:47","guid":{"rendered":"https:\/\/grupotextil.es\/producto\/chaqueta-roly-ulan-6439-hombre\/"},"modified":"2026-03-10T01:58:50","modified_gmt":"2026-03-10T00:58:50","slug":"chaqueta-roly-ulan-6439-hombre","status":"publish","type":"product","link":"https:\/\/grupotextil.es\/ca\/product\/chaqueta-roly-ulan-6439-hombre\/","title":{"rendered":"Chaqueta Roly Ulan 6439 Hombre"},"content":{"rendered":"<p>Sudadera de cuello alto con cremallera a tono. Vista interior del cuello en el mismo tono. Cubrecosturas reforzado en el interior del cuello. Punto canal\u00e9 1\u00d71 en pu\u00f1os y cintura.<\/p>","protected":false},"excerpt":{"rendered":"<p>Sudadera de cuello alto con cremallera a tono. Vista interior del cuello en el mismo tono. Cubrecosturas reforzado en el interior del cuello. Punto canal\u00e9 1\u00d71 en pu\u00f1os y cintura.<\/p>","protected":false},"featured_media":193424,"comment_status":"open","ping_status":"closed","template":"","meta":{"_acf_changed":false},"product_brand":[14011],"product_cat":[13981,13974,13973],"product_tag":[],"class_list":{"0":"post-193423","1":"product","2":"type-product","3":"status-publish","4":"has-post-thumbnail","6":"product_brand-roly","7":"product_cat-h-chaquetas-y-abrigos","8":"product_cat-ropa-hombre","9":"product_cat-ropa","10":"tm-no-options","12":"first","13":"instock","14":"taxable","15":"shipping-taxable","16":"product-type-variable"},"acf":[],"_links":{"self":[{"href":"https:\/\/grupotextil.es\/ca\/wp-json\/wp\/v2\/product\/193423","targetHints":{"allow":["GET"]}}],"collection":[{"href":"https:\/\/grupotextil.es\/ca\/wp-json\/wp\/v2\/product"}],"about":[{"href":"https:\/\/grupotextil.es\/ca\/wp-json\/wp\/v2\/types\/product"}],"replies":[{"embeddable":true,"href":"https:\/\/grupotextil.es\/ca\/wp-json\/wp\/v2\/comments?post=193423"}],"wp:featuredmedia":[{"embeddable":true,"href":"https:\/\/grupotextil.es\/ca\/wp-json\/wp\/v2\/media\/193424"}],"wp:attachment":[{"href":"https:\/\/grupotextil.es\/ca\/wp-json\/wp\/v2\/media?parent=193423"}],"wp:term":[{"taxonomy":"product_brand","embeddable":true,"href":"https:\/\/grupotextil.es\/ca\/wp-json\/wp\/v2\/product_brand?post=193423"},{"taxonomy":"product_cat","embeddable":true,"href":"https:\/\/grupotextil.es\/ca\/wp-json\/wp\/v2\/product_cat?post=193423"},{"taxonomy":"product_tag","embeddable":true,"href":"https:\/\/grupotextil.es\/ca\/wp-json\/wp\/v2\/product_tag?post=193423"}],"curies":[{"name":"wp","href":"https:\/\/api.w.org\/{rel}","templated":true}]}}