{"id":193484,"date":"2026-03-03T23:12:07","date_gmt":"2026-03-03T22:12:07","guid":{"rendered":"https:\/\/grupotextil.es\/producto\/polo-roly-carpe-child-5008-nino-manga-larga\/"},"modified":"2026-03-04T06:13:37","modified_gmt":"2026-03-04T05:13:37","slug":"polo-roly-carpe-child-5008-nino-manga-larga","status":"publish","type":"product","link":"https:\/\/grupotextil.es\/ca\/product\/polo-roly-carpe-child-5008-nino-manga-larga\/","title":{"rendered":"Polo Roly Carpe Child 5008 Ni\u00f1o Manga Larga"},"content":{"rendered":"<p>Polo de manga larga, cuello y bocamangas acanalado y tapeta de 2 botones. Pu\u00f1os canal\u00e9 1\u00d71 con elastano y cubrecosturas reforzado en cuello.<\/p>","protected":false},"excerpt":{"rendered":"<p>Polo de manga larga, cuello y bocamangas acanalado y tapeta de 2 botones. Pu\u00f1os canal\u00e9 1\u00d71 con elastano y cubrecosturas reforzado en cuello.<\/p>","protected":false},"featured_media":193485,"comment_status":"open","ping_status":"closed","template":"","meta":{"_acf_changed":false},"product_brand":[14011],"product_cat":[13931,13995,13930,13976,13973],"product_tag":[],"class_list":{"0":"post-193484","1":"product","2":"type-product","3":"status-publish","4":"has-post-thumbnail","6":"product_brand-roly","7":"product_cat-rl-alta-visibilidad","8":"product_cat-n-camisetas","9":"product_cat-laboral","10":"product_cat-ropa-nino","11":"product_cat-ropa","12":"tm-no-options","14":"first","15":"instock","16":"taxable","17":"shipping-taxable","18":"product-type-variable"},"acf":[],"_links":{"self":[{"href":"https:\/\/grupotextil.es\/ca\/wp-json\/wp\/v2\/product\/193484","targetHints":{"allow":["GET"]}}],"collection":[{"href":"https:\/\/grupotextil.es\/ca\/wp-json\/wp\/v2\/product"}],"about":[{"href":"https:\/\/grupotextil.es\/ca\/wp-json\/wp\/v2\/types\/product"}],"replies":[{"embeddable":true,"href":"https:\/\/grupotextil.es\/ca\/wp-json\/wp\/v2\/comments?post=193484"}],"wp:featuredmedia":[{"embeddable":true,"href":"https:\/\/grupotextil.es\/ca\/wp-json\/wp\/v2\/media\/193485"}],"wp:attachment":[{"href":"https:\/\/grupotextil.es\/ca\/wp-json\/wp\/v2\/media?parent=193484"}],"wp:term":[{"taxonomy":"product_brand","embeddable":true,"href":"https:\/\/grupotextil.es\/ca\/wp-json\/wp\/v2\/product_brand?post=193484"},{"taxonomy":"product_cat","embeddable":true,"href":"https:\/\/grupotextil.es\/ca\/wp-json\/wp\/v2\/product_cat?post=193484"},{"taxonomy":"product_tag","embeddable":true,"href":"https:\/\/grupotextil.es\/ca\/wp-json\/wp\/v2\/product_tag?post=193484"}],"curies":[{"name":"wp","href":"https:\/\/api.w.org\/{rel}","templated":true}]}}