{"id":193746,"date":"2026-03-03T23:13:56","date_gmt":"2026-03-03T22:13:56","guid":{"rendered":"https:\/\/grupotextil.es\/producto\/chubasquero-roly-escocia-5074-unisex\/"},"modified":"2026-03-04T06:13:38","modified_gmt":"2026-03-04T05:13:38","slug":"chubasquero-roly-escocia-5074-unisex","status":"publish","type":"product","link":"https:\/\/grupotextil.es\/ca\/product\/chubasquero-roly-escocia-5074-unisex\/","title":{"rendered":"Chubasquero Roly Escocia 5074 Unisex"},"content":{"rendered":"<p>Chubasquero unisex. Cuello alto y capucha extra\u00edble con cordones ajustables. Cremallera central al tono con tirador. Dos bolsillos laterales con solapa. Pu\u00f1os el\u00e1sticos. Bajo con cordones ajustables en interior. Goma el\u00e1stica en el interior del bolsillo para su plegado y guardado.<\/p>","protected":false},"excerpt":{"rendered":"<p>Chubasquero unisex. Cuello alto y capucha extra\u00edble con cordones ajustables. Cremallera central al tono con tirador. Dos bolsillos laterales con solapa. Pu\u00f1os el\u00e1sticos. Bajo con cordones ajustables en interior. Goma el\u00e1stica en el interior del bolsillo para su plegado y guardado.<\/p>","protected":false},"featured_media":193747,"comment_status":"open","ping_status":"closed","template":"","meta":{"_acf_changed":false},"product_brand":[14011],"product_cat":[13990,13981,14005,13974,13975,13973],"product_tag":[],"class_list":{"0":"post-193746","1":"product","2":"type-product","3":"status-publish","4":"has-post-thumbnail","6":"product_brand-roly","7":"product_cat-m-chaquetas-y-abrigos","8":"product_cat-h-chaquetas-y-abrigos","9":"product_cat-rd-cortavientos","10":"product_cat-ropa-hombre","11":"product_cat-ropa-mujer","12":"product_cat-ropa","13":"tm-no-options","15":"first","16":"instock","17":"taxable","18":"shipping-taxable","19":"product-type-variable"},"acf":[],"_links":{"self":[{"href":"https:\/\/grupotextil.es\/ca\/wp-json\/wp\/v2\/product\/193746","targetHints":{"allow":["GET"]}}],"collection":[{"href":"https:\/\/grupotextil.es\/ca\/wp-json\/wp\/v2\/product"}],"about":[{"href":"https:\/\/grupotextil.es\/ca\/wp-json\/wp\/v2\/types\/product"}],"replies":[{"embeddable":true,"href":"https:\/\/grupotextil.es\/ca\/wp-json\/wp\/v2\/comments?post=193746"}],"wp:featuredmedia":[{"embeddable":true,"href":"https:\/\/grupotextil.es\/ca\/wp-json\/wp\/v2\/media\/193747"}],"wp:attachment":[{"href":"https:\/\/grupotextil.es\/ca\/wp-json\/wp\/v2\/media?parent=193746"}],"wp:term":[{"taxonomy":"product_brand","embeddable":true,"href":"https:\/\/grupotextil.es\/ca\/wp-json\/wp\/v2\/product_brand?post=193746"},{"taxonomy":"product_cat","embeddable":true,"href":"https:\/\/grupotextil.es\/ca\/wp-json\/wp\/v2\/product_cat?post=193746"},{"taxonomy":"product_tag","embeddable":true,"href":"https:\/\/grupotextil.es\/ca\/wp-json\/wp\/v2\/product_tag?post=193746"}],"curies":[{"name":"wp","href":"https:\/\/api.w.org\/{rel}","templated":true}]}}