{"id":193838,"date":"2026-03-03T23:14:48","date_gmt":"2026-03-03T22:14:48","guid":{"rendered":"https:\/\/grupotextil.es\/producto\/pantalon-deportivo-roly-calcio-0484-unisex\/"},"modified":"2026-03-10T01:59:25","modified_gmt":"2026-03-10T00:59:25","slug":"pantalon-deportivo-roly-calcio-0484-unisex","status":"publish","type":"product","link":"https:\/\/grupotextil.es\/ca\/product\/pantalon-deportivo-roly-calcio-0484-unisex\/","title":{"rendered":"Pantal\u00f3n Deportivo Roly Calcio 0484 Unisex"},"content":{"rendered":"<p>Pantal\u00f3n deportivo con slip interior y cinturilla el\u00e1stica con cord\u00f3n. Tejido transpirable de f\u00e1cil lavado y secado.<\/p>","protected":false},"excerpt":{"rendered":"<p>Pantal\u00f3n deportivo con slip interior y cinturilla el\u00e1stica con cord\u00f3n. Tejido transpirable de f\u00e1cil lavado y secado.<\/p>","protected":false},"featured_media":193839,"comment_status":"open","ping_status":"closed","template":"","meta":{"_acf_changed":false},"product_brand":[14011],"product_cat":[13939,13975,13992,13973],"product_tag":[],"class_list":{"0":"post-193838","1":"product","2":"type-product","3":"status-publish","4":"has-post-thumbnail","6":"product_brand-roly","7":"product_cat-deportivo","8":"product_cat-ropa-mujer","9":"product_cat-m-pantalones","10":"product_cat-ropa","11":"tm-no-options","13":"first","14":"instock","15":"taxable","16":"shipping-taxable","17":"product-type-variable"},"acf":[],"_links":{"self":[{"href":"https:\/\/grupotextil.es\/ca\/wp-json\/wp\/v2\/product\/193838","targetHints":{"allow":["GET"]}}],"collection":[{"href":"https:\/\/grupotextil.es\/ca\/wp-json\/wp\/v2\/product"}],"about":[{"href":"https:\/\/grupotextil.es\/ca\/wp-json\/wp\/v2\/types\/product"}],"replies":[{"embeddable":true,"href":"https:\/\/grupotextil.es\/ca\/wp-json\/wp\/v2\/comments?post=193838"}],"wp:featuredmedia":[{"embeddable":true,"href":"https:\/\/grupotextil.es\/ca\/wp-json\/wp\/v2\/media\/193839"}],"wp:attachment":[{"href":"https:\/\/grupotextil.es\/ca\/wp-json\/wp\/v2\/media?parent=193838"}],"wp:term":[{"taxonomy":"product_brand","embeddable":true,"href":"https:\/\/grupotextil.es\/ca\/wp-json\/wp\/v2\/product_brand?post=193838"},{"taxonomy":"product_cat","embeddable":true,"href":"https:\/\/grupotextil.es\/ca\/wp-json\/wp\/v2\/product_cat?post=193838"},{"taxonomy":"product_tag","embeddable":true,"href":"https:\/\/grupotextil.es\/ca\/wp-json\/wp\/v2\/product_tag?post=193838"}],"curies":[{"name":"wp","href":"https:\/\/api.w.org\/{rel}","templated":true}]}}