{"id":193893,"date":"2026-03-03T23:15:36","date_gmt":"2026-03-03T22:15:36","guid":{"rendered":"https:\/\/grupotextil.es\/producto\/nevera-stamina-walt-1778\/"},"modified":"2026-03-04T06:13:39","modified_gmt":"2026-03-04T05:13:39","slug":"nevera-stamina-walt-1778","status":"publish","type":"product","link":"https:\/\/grupotextil.es\/ca\/product\/nevera-stamina-walt-1778\/","title":{"rendered":"Nevera Stamina Walt 1778"},"content":{"rendered":"<p>Nevera realizada en 600D RPET con un compartimento principal con interior isot\u00e9rmico para el almacenaje de bebidas y alimentos a la temperatura \u00f3ptima. Cuenta, adem\u00e1s, con un bolsillo frontal para el almacenaje de utensilios y peque\u00f1os snaks, adem\u00e1s de asas redondas acolchadas para mayor versatilidad en su transporte.<\/p>","protected":false},"excerpt":{"rendered":"<p>Nevera realizada en 600D RPET con un compartimento principal con interior isot\u00e9rmico para el almacenaje de bebidas y alimentos a la temperatura \u00f3ptima. Cuenta, adem\u00e1s, con un bolsillo frontal para el almacenaje de utensilios y peque\u00f1os snaks, adem\u00e1s de asas redondas acolchadas para mayor versatilidad en su transporte.<\/p>","protected":false},"featured_media":193894,"comment_status":"open","ping_status":"closed","template":"","meta":{"_acf_changed":false},"product_brand":[14012],"product_cat":[13961,13954,14006],"product_tag":[],"class_list":{"0":"post-193893","1":"product","2":"type-product","3":"status-publish","4":"has-post-thumbnail","6":"product_brand-stamina","7":"product_cat-mr-articulos-de-playa","8":"product_cat-acc-bolsas-y-mochilas","9":"product_cat-acc-merchandising","10":"tm-no-options","12":"first","13":"instock","14":"taxable","15":"shipping-taxable","16":"product-type-variable"},"acf":[],"_links":{"self":[{"href":"https:\/\/grupotextil.es\/ca\/wp-json\/wp\/v2\/product\/193893","targetHints":{"allow":["GET"]}}],"collection":[{"href":"https:\/\/grupotextil.es\/ca\/wp-json\/wp\/v2\/product"}],"about":[{"href":"https:\/\/grupotextil.es\/ca\/wp-json\/wp\/v2\/types\/product"}],"replies":[{"embeddable":true,"href":"https:\/\/grupotextil.es\/ca\/wp-json\/wp\/v2\/comments?post=193893"}],"wp:featuredmedia":[{"embeddable":true,"href":"https:\/\/grupotextil.es\/ca\/wp-json\/wp\/v2\/media\/193894"}],"wp:attachment":[{"href":"https:\/\/grupotextil.es\/ca\/wp-json\/wp\/v2\/media?parent=193893"}],"wp:term":[{"taxonomy":"product_brand","embeddable":true,"href":"https:\/\/grupotextil.es\/ca\/wp-json\/wp\/v2\/product_brand?post=193893"},{"taxonomy":"product_cat","embeddable":true,"href":"https:\/\/grupotextil.es\/ca\/wp-json\/wp\/v2\/product_cat?post=193893"},{"taxonomy":"product_tag","embeddable":true,"href":"https:\/\/grupotextil.es\/ca\/wp-json\/wp\/v2\/product_tag?post=193893"}],"curies":[{"name":"wp","href":"https:\/\/api.w.org\/{rel}","templated":true}]}}