{"id":193932,"date":"2026-03-03T23:16:12","date_gmt":"2026-03-03T22:16:12","guid":{"rendered":"https:\/\/grupotextil.es\/producto\/lanyard-stamina-denki-1862\/"},"modified":"2026-03-04T06:13:39","modified_gmt":"2026-03-04T05:13:39","slug":"lanyard-stamina-denki-1862","status":"publish","type":"product","link":"https:\/\/grupotextil.es\/ca\/product\/lanyard-stamina-denki-1862\/","title":{"rendered":"Lanyard Stamina Denki 1862"},"content":{"rendered":"<p>Landyard elaborado en nylon reciclado con funci\u00f3n soporte para smartphone y cable de conexi\u00f3n Tipo C en ambos extremo. El cable sirve tanto a modo de conexi\u00f3n para carga como para transferencia de datos. Cuenta con un mosquet\u00f3n peque\u00f1o en su extremo para transporte de otros objetos.<\/p>","protected":false},"excerpt":{"rendered":"<p>Landyard elaborado en nylon reciclado con funci\u00f3n soporte para smartphone y cable de conexi\u00f3n Tipo C en ambos extremo. El cable sirve tanto a modo de conexi\u00f3n para carga como para transferencia de datos. Cuenta con un mosquet\u00f3n peque\u00f1o en su extremo para transporte de otros objetos.<\/p>","protected":false},"featured_media":193933,"comment_status":"open","ping_status":"closed","template":"","meta":{"_acf_changed":false},"product_brand":[14012],"product_cat":[13973],"product_tag":[],"class_list":{"0":"post-193932","1":"product","2":"type-product","3":"status-publish","4":"has-post-thumbnail","6":"product_brand-stamina","7":"product_cat-ropa","8":"tm-no-options","10":"first","11":"instock","12":"taxable","13":"shipping-taxable","14":"product-type-variable"},"acf":[],"_links":{"self":[{"href":"https:\/\/grupotextil.es\/ca\/wp-json\/wp\/v2\/product\/193932","targetHints":{"allow":["GET"]}}],"collection":[{"href":"https:\/\/grupotextil.es\/ca\/wp-json\/wp\/v2\/product"}],"about":[{"href":"https:\/\/grupotextil.es\/ca\/wp-json\/wp\/v2\/types\/product"}],"replies":[{"embeddable":true,"href":"https:\/\/grupotextil.es\/ca\/wp-json\/wp\/v2\/comments?post=193932"}],"wp:featuredmedia":[{"embeddable":true,"href":"https:\/\/grupotextil.es\/ca\/wp-json\/wp\/v2\/media\/193933"}],"wp:attachment":[{"href":"https:\/\/grupotextil.es\/ca\/wp-json\/wp\/v2\/media?parent=193932"}],"wp:term":[{"taxonomy":"product_brand","embeddable":true,"href":"https:\/\/grupotextil.es\/ca\/wp-json\/wp\/v2\/product_brand?post=193932"},{"taxonomy":"product_cat","embeddable":true,"href":"https:\/\/grupotextil.es\/ca\/wp-json\/wp\/v2\/product_cat?post=193932"},{"taxonomy":"product_tag","embeddable":true,"href":"https:\/\/grupotextil.es\/ca\/wp-json\/wp\/v2\/product_tag?post=193932"}],"curies":[{"name":"wp","href":"https:\/\/api.w.org\/{rel}","templated":true}]}}