{"id":194206,"date":"2026-03-03T23:18:31","date_gmt":"2026-03-03T22:18:31","guid":{"rendered":"https:\/\/grupotextil.es\/producto\/mochila-de-cuerdas-stamina-creek-1785\/"},"modified":"2026-03-04T06:13:40","modified_gmt":"2026-03-04T05:13:40","slug":"mochila-de-cuerdas-stamina-creek-1785","status":"publish","type":"product","link":"https:\/\/grupotextil.es\/ca\/product\/mochila-de-cuerdas-stamina-creek-1785\/","title":{"rendered":"Mochila De Cuerdas Stamina Creek 1785"},"content":{"rendered":"<p>Mochila de cuerdas ajustables, elaborada en resistente poli\u00e9ster 600D Ripstop. Una opci\u00f3n c\u00f3moda y pr\u00e1ctica para el transporte de tus objetos personales.<\/p>","protected":false},"excerpt":{"rendered":"<p>Mochila de cuerdas ajustables, elaborada en resistente poli\u00e9ster 600D Ripstop. Una opci\u00f3n c\u00f3moda y pr\u00e1ctica para el transporte de tus objetos personales.<\/p>","protected":false},"featured_media":194207,"comment_status":"open","ping_status":"closed","template":"","meta":{"_acf_changed":false},"product_brand":[14012],"product_cat":[13954],"product_tag":[],"class_list":{"0":"post-194206","1":"product","2":"type-product","3":"status-publish","4":"has-post-thumbnail","6":"product_brand-stamina","7":"product_cat-acc-bolsas-y-mochilas","8":"tm-no-options","10":"first","11":"instock","12":"taxable","13":"shipping-taxable","14":"product-type-variable"},"acf":[],"_links":{"self":[{"href":"https:\/\/grupotextil.es\/ca\/wp-json\/wp\/v2\/product\/194206","targetHints":{"allow":["GET"]}}],"collection":[{"href":"https:\/\/grupotextil.es\/ca\/wp-json\/wp\/v2\/product"}],"about":[{"href":"https:\/\/grupotextil.es\/ca\/wp-json\/wp\/v2\/types\/product"}],"replies":[{"embeddable":true,"href":"https:\/\/grupotextil.es\/ca\/wp-json\/wp\/v2\/comments?post=194206"}],"wp:featuredmedia":[{"embeddable":true,"href":"https:\/\/grupotextil.es\/ca\/wp-json\/wp\/v2\/media\/194207"}],"wp:attachment":[{"href":"https:\/\/grupotextil.es\/ca\/wp-json\/wp\/v2\/media?parent=194206"}],"wp:term":[{"taxonomy":"product_brand","embeddable":true,"href":"https:\/\/grupotextil.es\/ca\/wp-json\/wp\/v2\/product_brand?post=194206"},{"taxonomy":"product_cat","embeddable":true,"href":"https:\/\/grupotextil.es\/ca\/wp-json\/wp\/v2\/product_cat?post=194206"},{"taxonomy":"product_tag","embeddable":true,"href":"https:\/\/grupotextil.es\/ca\/wp-json\/wp\/v2\/product_tag?post=194206"}],"curies":[{"name":"wp","href":"https:\/\/api.w.org\/{rel}","templated":true}]}}