{"id":194216,"date":"2026-03-03T23:18:39","date_gmt":"2026-03-03T22:18:39","guid":{"rendered":"https:\/\/grupotextil.es\/producto\/set-de-queso-vino-stamina-gauda-1889\/"},"modified":"2026-03-04T06:13:40","modified_gmt":"2026-03-04T05:13:40","slug":"set-de-queso-vino-stamina-gauda-1889","status":"publish","type":"product","link":"https:\/\/grupotextil.es\/ca\/product\/set-de-queso-vino-stamina-gauda-1889\/","title":{"rendered":"Set de Queso\/Vino Stamina Gauda 1889"},"content":{"rendered":"<p>Set de vino y quesos compuesto por 4 utensilios elaborados en acero inoxidable con y bamb\u00fa. Incluye dos utensilios para queso, sacacorchos con abridor y dosificador con tap\u00f3n. Se presenta en un pr\u00e1ctico estuche con dise\u00f1o de botella realizado en madera. Tapa deslizable.<\/p>","protected":false},"excerpt":{"rendered":"<p>Set de vino y quesos compuesto por 4 utensilios elaborados en acero inoxidable con y bamb\u00fa. Incluye dos utensilios para queso, sacacorchos con abridor y dosificador con tap\u00f3n. Se presenta en un pr\u00e1ctico estuche con dise\u00f1o de botella realizado en madera. Tapa deslizable.<\/p>","protected":false},"featured_media":194217,"comment_status":"open","ping_status":"closed","template":"","meta":{"_acf_changed":false},"product_brand":[14012],"product_cat":[14006,13971],"product_tag":[],"class_list":{"0":"post-194216","1":"product","2":"type-product","3":"status-publish","4":"has-post-thumbnail","6":"product_brand-stamina","7":"product_cat-acc-merchandising","8":"product_cat-mr-tazas","9":"tm-no-options","11":"first","12":"instock","13":"taxable","14":"shipping-taxable","15":"product-type-variable"},"acf":[],"_links":{"self":[{"href":"https:\/\/grupotextil.es\/ca\/wp-json\/wp\/v2\/product\/194216","targetHints":{"allow":["GET"]}}],"collection":[{"href":"https:\/\/grupotextil.es\/ca\/wp-json\/wp\/v2\/product"}],"about":[{"href":"https:\/\/grupotextil.es\/ca\/wp-json\/wp\/v2\/types\/product"}],"replies":[{"embeddable":true,"href":"https:\/\/grupotextil.es\/ca\/wp-json\/wp\/v2\/comments?post=194216"}],"wp:featuredmedia":[{"embeddable":true,"href":"https:\/\/grupotextil.es\/ca\/wp-json\/wp\/v2\/media\/194217"}],"wp:attachment":[{"href":"https:\/\/grupotextil.es\/ca\/wp-json\/wp\/v2\/media?parent=194216"}],"wp:term":[{"taxonomy":"product_brand","embeddable":true,"href":"https:\/\/grupotextil.es\/ca\/wp-json\/wp\/v2\/product_brand?post=194216"},{"taxonomy":"product_cat","embeddable":true,"href":"https:\/\/grupotextil.es\/ca\/wp-json\/wp\/v2\/product_cat?post=194216"},{"taxonomy":"product_tag","embeddable":true,"href":"https:\/\/grupotextil.es\/ca\/wp-json\/wp\/v2\/product_tag?post=194216"}],"curies":[{"name":"wp","href":"https:\/\/api.w.org\/{rel}","templated":true}]}}