{"id":194223,"date":"2026-03-03T23:19:04","date_gmt":"2026-03-03T22:19:04","guid":{"rendered":"https:\/\/grupotextil.es\/producto\/pantalon-jogger-roly-flexar-6613-hombre\/"},"modified":"2026-03-10T01:58:48","modified_gmt":"2026-03-10T00:58:48","slug":"pantalon-jogger-roly-flexar-6613-hombre","status":"publish","type":"product","link":"https:\/\/grupotextil.es\/ca\/product\/pantalon-jogger-roly-flexar-6613-hombre\/","title":{"rendered":"Pantal\u00f3n Jogger Roly Flexar 6613 Hombre"},"content":{"rendered":"<p>Pantal\u00f3n jogger con cintura y pu\u00f1os el\u00e1sticos. Cord\u00f3n al tono redondo en la parte interior de la cintura. Bolsillos laterales y uno trasero de ojal. Pinzas a la altura de las rodillas.<\/p>","protected":false},"excerpt":{"rendered":"<p>Pantal\u00f3n jogger con cintura y pu\u00f1os el\u00e1sticos. Cord\u00f3n al tono redondo en la parte interior de la cintura. Bolsillos laterales y uno trasero de ojal. Pinzas a la altura de las rodillas.<\/p>","protected":false},"featured_media":194224,"comment_status":"open","ping_status":"closed","template":"","meta":{"_acf_changed":false},"product_brand":[14011],"product_cat":[13939,13974,13983,13973],"product_tag":[],"class_list":{"0":"post-194223","1":"product","2":"type-product","3":"status-publish","4":"has-post-thumbnail","6":"product_brand-roly","7":"product_cat-deportivo","8":"product_cat-ropa-hombre","9":"product_cat-h-pantalones","10":"product_cat-ropa","11":"tm-no-options","13":"first","14":"instock","15":"taxable","16":"shipping-taxable","17":"product-type-variable"},"acf":[],"_links":{"self":[{"href":"https:\/\/grupotextil.es\/ca\/wp-json\/wp\/v2\/product\/194223","targetHints":{"allow":["GET"]}}],"collection":[{"href":"https:\/\/grupotextil.es\/ca\/wp-json\/wp\/v2\/product"}],"about":[{"href":"https:\/\/grupotextil.es\/ca\/wp-json\/wp\/v2\/types\/product"}],"replies":[{"embeddable":true,"href":"https:\/\/grupotextil.es\/ca\/wp-json\/wp\/v2\/comments?post=194223"}],"wp:featuredmedia":[{"embeddable":true,"href":"https:\/\/grupotextil.es\/ca\/wp-json\/wp\/v2\/media\/194224"}],"wp:attachment":[{"href":"https:\/\/grupotextil.es\/ca\/wp-json\/wp\/v2\/media?parent=194223"}],"wp:term":[{"taxonomy":"product_brand","embeddable":true,"href":"https:\/\/grupotextil.es\/ca\/wp-json\/wp\/v2\/product_brand?post=194223"},{"taxonomy":"product_cat","embeddable":true,"href":"https:\/\/grupotextil.es\/ca\/wp-json\/wp\/v2\/product_cat?post=194223"},{"taxonomy":"product_tag","embeddable":true,"href":"https:\/\/grupotextil.es\/ca\/wp-json\/wp\/v2\/product_tag?post=194223"}],"curies":[{"name":"wp","href":"https:\/\/api.w.org\/{rel}","templated":true}]}}