{"id":194270,"date":"2026-03-03T23:19:26","date_gmt":"2026-03-03T22:19:26","guid":{"rendered":"https:\/\/grupotextil.es\/producto\/balon-futbol-stamina-fabio-1796\/"},"modified":"2026-03-04T06:13:40","modified_gmt":"2026-03-04T05:13:40","slug":"balon-futbol-stamina-fabio-1796","status":"publish","type":"product","link":"https:\/\/grupotextil.es\/ca\/product\/balon-futbol-stamina-fabio-1796\/","title":{"rendered":"Bal\u00f3n F\u00fatbol Stamina Fabio 1796"},"content":{"rendered":"<p>Bal\u00f3n de f\u00fatbol tama\u00f1o 2 realizado en polipiel con paneles hexagonales. Elaborado en colores lisos con costuras en color.<\/p>","protected":false},"excerpt":{"rendered":"<p>Bal\u00f3n de f\u00fatbol tama\u00f1o 2 realizado en polipiel con paneles hexagonales. Elaborado en colores lisos con costuras en color.<\/p>","protected":false},"featured_media":194271,"comment_status":"open","ping_status":"closed","template":"","meta":{"_acf_changed":false},"product_brand":[14012],"product_cat":[13961,14006],"product_tag":[],"class_list":{"0":"post-194270","1":"product","2":"type-product","3":"status-publish","4":"has-post-thumbnail","6":"product_brand-stamina","7":"product_cat-mr-articulos-de-playa","8":"product_cat-acc-merchandising","9":"tm-no-options","11":"first","12":"instock","13":"taxable","14":"shipping-taxable","15":"product-type-variable"},"acf":[],"_links":{"self":[{"href":"https:\/\/grupotextil.es\/ca\/wp-json\/wp\/v2\/product\/194270","targetHints":{"allow":["GET"]}}],"collection":[{"href":"https:\/\/grupotextil.es\/ca\/wp-json\/wp\/v2\/product"}],"about":[{"href":"https:\/\/grupotextil.es\/ca\/wp-json\/wp\/v2\/types\/product"}],"replies":[{"embeddable":true,"href":"https:\/\/grupotextil.es\/ca\/wp-json\/wp\/v2\/comments?post=194270"}],"wp:featuredmedia":[{"embeddable":true,"href":"https:\/\/grupotextil.es\/ca\/wp-json\/wp\/v2\/media\/194271"}],"wp:attachment":[{"href":"https:\/\/grupotextil.es\/ca\/wp-json\/wp\/v2\/media?parent=194270"}],"wp:term":[{"taxonomy":"product_brand","embeddable":true,"href":"https:\/\/grupotextil.es\/ca\/wp-json\/wp\/v2\/product_brand?post=194270"},{"taxonomy":"product_cat","embeddable":true,"href":"https:\/\/grupotextil.es\/ca\/wp-json\/wp\/v2\/product_cat?post=194270"},{"taxonomy":"product_tag","embeddable":true,"href":"https:\/\/grupotextil.es\/ca\/wp-json\/wp\/v2\/product_tag?post=194270"}],"curies":[{"name":"wp","href":"https:\/\/api.w.org\/{rel}","templated":true}]}}