{"id":194332,"date":"2026-03-03T23:20:06","date_gmt":"2026-03-03T22:20:06","guid":{"rendered":"https:\/\/grupotextil.es\/producto\/taza-navidena-stamina-calgary-1852\/"},"modified":"2026-03-04T06:13:40","modified_gmt":"2026-03-04T05:13:40","slug":"taza-navidena-stamina-calgary-1852","status":"publish","type":"product","link":"https:\/\/grupotextil.es\/ca\/product\/taza-navidena-stamina-calgary-1852\/","title":{"rendered":"Taza Navide\u00f1a Stamina Calgary 1852"},"content":{"rendered":"<p>Taza de cer\u00e1mica con dise\u00f1o \u00c1rbol de Navidad grabado en bajo relieve. Con esta taza de 280ml tendr\u00e1s una opci\u00f3n perfecta de regalo en Navidad. Cuenta con una cara lisa especialmente dise\u00f1ada para la impresi\u00f3n de tu logo.<\/p>","protected":false},"excerpt":{"rendered":"<p>Taza de cer\u00e1mica con dise\u00f1o \u00c1rbol de Navidad grabado en bajo relieve. Con esta taza de 280ml tendr\u00e1s una opci\u00f3n perfecta de regalo en Navidad. Cuenta con una cara lisa especialmente dise\u00f1ada para la impresi\u00f3n de tu logo.<\/p>","protected":false},"featured_media":194333,"comment_status":"open","ping_status":"closed","template":"","meta":{"_acf_changed":false},"product_brand":[14012],"product_cat":[14006,13971],"product_tag":[],"class_list":{"0":"post-194332","1":"product","2":"type-product","3":"status-publish","4":"has-post-thumbnail","6":"product_brand-stamina","7":"product_cat-acc-merchandising","8":"product_cat-mr-tazas","9":"tm-no-options","11":"first","12":"instock","13":"taxable","14":"shipping-taxable","15":"product-type-variable"},"acf":[],"_links":{"self":[{"href":"https:\/\/grupotextil.es\/ca\/wp-json\/wp\/v2\/product\/194332","targetHints":{"allow":["GET"]}}],"collection":[{"href":"https:\/\/grupotextil.es\/ca\/wp-json\/wp\/v2\/product"}],"about":[{"href":"https:\/\/grupotextil.es\/ca\/wp-json\/wp\/v2\/types\/product"}],"replies":[{"embeddable":true,"href":"https:\/\/grupotextil.es\/ca\/wp-json\/wp\/v2\/comments?post=194332"}],"wp:featuredmedia":[{"embeddable":true,"href":"https:\/\/grupotextil.es\/ca\/wp-json\/wp\/v2\/media\/194333"}],"wp:attachment":[{"href":"https:\/\/grupotextil.es\/ca\/wp-json\/wp\/v2\/media?parent=194332"}],"wp:term":[{"taxonomy":"product_brand","embeddable":true,"href":"https:\/\/grupotextil.es\/ca\/wp-json\/wp\/v2\/product_brand?post=194332"},{"taxonomy":"product_cat","embeddable":true,"href":"https:\/\/grupotextil.es\/ca\/wp-json\/wp\/v2\/product_cat?post=194332"},{"taxonomy":"product_tag","embeddable":true,"href":"https:\/\/grupotextil.es\/ca\/wp-json\/wp\/v2\/product_tag?post=194332"}],"curies":[{"name":"wp","href":"https:\/\/api.w.org\/{rel}","templated":true}]}}