{"id":194359,"date":"2026-03-03T23:21:52","date_gmt":"2026-03-03T22:21:52","guid":{"rendered":"https:\/\/grupotextil.es\/producto\/sudadera-roly-jaya-2203-unisex\/"},"modified":"2026-03-10T01:59:23","modified_gmt":"2026-03-10T00:59:23","slug":"sudadera-roly-jaya-2203-unisex","status":"publish","type":"product","link":"https:\/\/grupotextil.es\/ca\/product\/sudadera-roly-jaya-2203-unisex\/","title":{"rendered":"Sudadera Roly Jaya 2203 Unisex"},"content":{"rendered":"<p>Sudadera unisex de algod\u00f3n efecto lavado no perchado, cuello redondo. Cuello, pu\u00f1os y cinturilla en canal\u00e9 2\u00d71 con elastano. Cubrecosturas del mismo tejido.<\/p>","protected":false},"excerpt":{"rendered":"<p>Sudadera unisex de algod\u00f3n efecto lavado no perchado, cuello redondo. Cuello, pu\u00f1os y cinturilla en canal\u00e9 2\u00d71 con elastano. Cubrecosturas del mismo tejido.<\/p>","protected":false},"featured_media":194360,"comment_status":"open","ping_status":"closed","template":"","meta":{"_acf_changed":false},"product_brand":[14011],"product_cat":[13975,13973,13989],"product_tag":[],"class_list":{"0":"post-194359","1":"product","2":"type-product","3":"status-publish","4":"has-post-thumbnail","6":"product_brand-roly","7":"product_cat-ropa-mujer","8":"product_cat-ropa","9":"product_cat-m-sudaderas","10":"tm-no-options","12":"first","13":"instock","14":"taxable","15":"shipping-taxable","16":"product-type-variable"},"acf":[],"_links":{"self":[{"href":"https:\/\/grupotextil.es\/ca\/wp-json\/wp\/v2\/product\/194359","targetHints":{"allow":["GET"]}}],"collection":[{"href":"https:\/\/grupotextil.es\/ca\/wp-json\/wp\/v2\/product"}],"about":[{"href":"https:\/\/grupotextil.es\/ca\/wp-json\/wp\/v2\/types\/product"}],"replies":[{"embeddable":true,"href":"https:\/\/grupotextil.es\/ca\/wp-json\/wp\/v2\/comments?post=194359"}],"wp:featuredmedia":[{"embeddable":true,"href":"https:\/\/grupotextil.es\/ca\/wp-json\/wp\/v2\/media\/194360"}],"wp:attachment":[{"href":"https:\/\/grupotextil.es\/ca\/wp-json\/wp\/v2\/media?parent=194359"}],"wp:term":[{"taxonomy":"product_brand","embeddable":true,"href":"https:\/\/grupotextil.es\/ca\/wp-json\/wp\/v2\/product_brand?post=194359"},{"taxonomy":"product_cat","embeddable":true,"href":"https:\/\/grupotextil.es\/ca\/wp-json\/wp\/v2\/product_cat?post=194359"},{"taxonomy":"product_tag","embeddable":true,"href":"https:\/\/grupotextil.es\/ca\/wp-json\/wp\/v2\/product_tag?post=194359"}],"curies":[{"name":"wp","href":"https:\/\/api.w.org\/{rel}","templated":true}]}}