{"id":194504,"date":"2026-03-03T23:22:30","date_gmt":"2026-03-03T22:22:30","guid":{"rendered":"https:\/\/grupotextil.es\/producto\/camisa-vaquera-roly-lujan-6706-hombre\/"},"modified":"2026-03-04T06:13:41","modified_gmt":"2026-03-04T05:13:41","slug":"camisa-vaquera-roly-lujan-6706-hombre","status":"publish","type":"product","link":"https:\/\/grupotextil.es\/ca\/product\/camisa-vaquera-roly-lujan-6706-hombre\/","title":{"rendered":"Camisa Vaquera Roly Lujan 6706 Hombre"},"content":{"rendered":"<p>Camisa vaquera manga larga con trabilla ajustable.\u00b7 Tejido stretch.\u00b7 Cuello camisero.\u00b7 Costura adelantada en hombros y canes\u00fa trasero.\u00b7 Bolsillo en pico pecho izquierdo.\u00b7 Pu\u00f1os con abotonadura doble y pinzas al lado de la tapeta de pu\u00f1o con un bot\u00f3n m\u00e1s peque\u00f1o.\u00b7 Bajos redondeados.<\/p>","protected":false},"excerpt":{"rendered":"<p>Camisa vaquera manga larga con trabilla ajustable.\u00b7 Tejido stretch.\u00b7 Cuello camisero.\u00b7 Costura adelantada en hombros y canes\u00fa trasero.\u00b7 Bolsillo en pico pecho izquierdo.\u00b7 Pu\u00f1os con abotonadura doble y pinzas al lado de la tapeta de pu\u00f1o con un bot\u00f3n m\u00e1s peque\u00f1o.\u00b7 Bajos redondeados.<\/p>","protected":false},"featured_media":194505,"comment_status":"open","ping_status":"closed","template":"","meta":{"_acf_changed":false},"product_brand":[14011],"product_cat":[13967,13930],"product_tag":[],"class_list":{"0":"post-194504","1":"product","2":"type-product","3":"status-publish","4":"has-post-thumbnail","6":"product_brand-roly","7":"product_cat-rl-industria-y-servicios","8":"product_cat-laboral","9":"tm-no-options","11":"first","12":"instock","13":"taxable","14":"shipping-taxable","15":"product-type-variable"},"acf":[],"_links":{"self":[{"href":"https:\/\/grupotextil.es\/ca\/wp-json\/wp\/v2\/product\/194504","targetHints":{"allow":["GET"]}}],"collection":[{"href":"https:\/\/grupotextil.es\/ca\/wp-json\/wp\/v2\/product"}],"about":[{"href":"https:\/\/grupotextil.es\/ca\/wp-json\/wp\/v2\/types\/product"}],"replies":[{"embeddable":true,"href":"https:\/\/grupotextil.es\/ca\/wp-json\/wp\/v2\/comments?post=194504"}],"wp:featuredmedia":[{"embeddable":true,"href":"https:\/\/grupotextil.es\/ca\/wp-json\/wp\/v2\/media\/194505"}],"wp:attachment":[{"href":"https:\/\/grupotextil.es\/ca\/wp-json\/wp\/v2\/media?parent=194504"}],"wp:term":[{"taxonomy":"product_brand","embeddable":true,"href":"https:\/\/grupotextil.es\/ca\/wp-json\/wp\/v2\/product_brand?post=194504"},{"taxonomy":"product_cat","embeddable":true,"href":"https:\/\/grupotextil.es\/ca\/wp-json\/wp\/v2\/product_cat?post=194504"},{"taxonomy":"product_tag","embeddable":true,"href":"https:\/\/grupotextil.es\/ca\/wp-json\/wp\/v2\/product_tag?post=194504"}],"curies":[{"name":"wp","href":"https:\/\/api.w.org\/{rel}","templated":true}]}}