{"id":194515,"date":"2026-03-03T23:22:54","date_gmt":"2026-03-03T22:22:54","guid":{"rendered":"https:\/\/grupotextil.es\/producto\/bolsa-stamina-loren-1754\/"},"modified":"2026-03-04T06:13:41","modified_gmt":"2026-03-04T05:13:41","slug":"bolsa-stamina-loren-1754","status":"publish","type":"product","link":"https:\/\/grupotextil.es\/ca\/product\/bolsa-stamina-loren-1754\/","title":{"rendered":"Bolsa Stamina Loren 1754"},"content":{"rendered":"<p>Bolsa elaborada en 70% algod\u00f3n reciclado y 30% poli\u00e9ster reciclado. Con asas largas de 70cm. Es una opci\u00f3n sostenible y pr\u00e1ctica para llevar objetos de diversa \u00edndole a cualquier lado.<\/p>","protected":false},"excerpt":{"rendered":"<p>Bolsa elaborada en 70% algod\u00f3n reciclado y 30% poli\u00e9ster reciclado. Con asas largas de 70cm. Es una opci\u00f3n sostenible y pr\u00e1ctica para llevar objetos de diversa \u00edndole a cualquier lado.<\/p>","protected":false},"featured_media":194516,"comment_status":"open","ping_status":"closed","template":"","meta":{"_acf_changed":false},"product_brand":[14012],"product_cat":[13954],"product_tag":[],"class_list":{"0":"post-194515","1":"product","2":"type-product","3":"status-publish","4":"has-post-thumbnail","6":"product_brand-stamina","7":"product_cat-acc-bolsas-y-mochilas","8":"tm-no-options","10":"first","11":"outofstock","12":"taxable","13":"shipping-taxable","14":"product-type-variable"},"acf":[],"_links":{"self":[{"href":"https:\/\/grupotextil.es\/ca\/wp-json\/wp\/v2\/product\/194515","targetHints":{"allow":["GET"]}}],"collection":[{"href":"https:\/\/grupotextil.es\/ca\/wp-json\/wp\/v2\/product"}],"about":[{"href":"https:\/\/grupotextil.es\/ca\/wp-json\/wp\/v2\/types\/product"}],"replies":[{"embeddable":true,"href":"https:\/\/grupotextil.es\/ca\/wp-json\/wp\/v2\/comments?post=194515"}],"wp:featuredmedia":[{"embeddable":true,"href":"https:\/\/grupotextil.es\/ca\/wp-json\/wp\/v2\/media\/194516"}],"wp:attachment":[{"href":"https:\/\/grupotextil.es\/ca\/wp-json\/wp\/v2\/media?parent=194515"}],"wp:term":[{"taxonomy":"product_brand","embeddable":true,"href":"https:\/\/grupotextil.es\/ca\/wp-json\/wp\/v2\/product_brand?post=194515"},{"taxonomy":"product_cat","embeddable":true,"href":"https:\/\/grupotextil.es\/ca\/wp-json\/wp\/v2\/product_cat?post=194515"},{"taxonomy":"product_tag","embeddable":true,"href":"https:\/\/grupotextil.es\/ca\/wp-json\/wp\/v2\/product_tag?post=194515"}],"curies":[{"name":"wp","href":"https:\/\/api.w.org\/{rel}","templated":true}]}}