{"id":194528,"date":"2026-03-03T23:23:10","date_gmt":"2026-03-03T22:23:10","guid":{"rendered":"https:\/\/grupotextil.es\/producto\/paraguas-plegable-stamina-alcira-1735\/"},"modified":"2026-03-04T06:13:41","modified_gmt":"2026-03-04T05:13:41","slug":"paraguas-plegable-stamina-alcira-1735","status":"publish","type":"product","link":"https:\/\/grupotextil.es\/ca\/product\/paraguas-plegable-stamina-alcira-1735\/","title":{"rendered":"Paraguas Plegable Stamina Alcira 1735"},"content":{"rendered":"<p>Paraguas plegable realizado en RPET con apertura y cierre autom\u00e1tico con bot\u00f3n incorporado en el mango. Tejido pongee 190T. Con varillas de fibra de vidrio con sistema antiventisca. Este sistema refuerza la funcionalidad del paraguas en los d\u00edas de mayor temporal. Con cierre de velcro y mango ergon\u00f3mico con funci\u00f3n mosquet\u00f3n, ofreciendo mayor comodidad y funcionalidad en su uso. Incluye funda a juego.<\/p>","protected":false},"excerpt":{"rendered":"<p>Paraguas plegable realizado en RPET con apertura y cierre autom\u00e1tico con bot\u00f3n incorporado en el mango. Tejido pongee 190T. Con varillas de fibra de vidrio con sistema antiventisca. Este sistema refuerza la funcionalidad del paraguas en los d\u00edas de mayor temporal. Con cierre de velcro y mango ergon\u00f3mico con funci\u00f3n mosquet\u00f3n, ofreciendo mayor comodidad y funcionalidad en su uso. Incluye funda a juego.<\/p>","protected":false},"featured_media":194529,"comment_status":"open","ping_status":"closed","template":"","meta":{"_acf_changed":false},"product_brand":[14012],"product_cat":[13973],"product_tag":[],"class_list":{"0":"post-194528","1":"product","2":"type-product","3":"status-publish","4":"has-post-thumbnail","6":"product_brand-stamina","7":"product_cat-ropa","8":"tm-no-options","10":"first","11":"instock","12":"taxable","13":"shipping-taxable","14":"product-type-variable"},"acf":[],"_links":{"self":[{"href":"https:\/\/grupotextil.es\/ca\/wp-json\/wp\/v2\/product\/194528","targetHints":{"allow":["GET"]}}],"collection":[{"href":"https:\/\/grupotextil.es\/ca\/wp-json\/wp\/v2\/product"}],"about":[{"href":"https:\/\/grupotextil.es\/ca\/wp-json\/wp\/v2\/types\/product"}],"replies":[{"embeddable":true,"href":"https:\/\/grupotextil.es\/ca\/wp-json\/wp\/v2\/comments?post=194528"}],"wp:featuredmedia":[{"embeddable":true,"href":"https:\/\/grupotextil.es\/ca\/wp-json\/wp\/v2\/media\/194529"}],"wp:attachment":[{"href":"https:\/\/grupotextil.es\/ca\/wp-json\/wp\/v2\/media?parent=194528"}],"wp:term":[{"taxonomy":"product_brand","embeddable":true,"href":"https:\/\/grupotextil.es\/ca\/wp-json\/wp\/v2\/product_brand?post=194528"},{"taxonomy":"product_cat","embeddable":true,"href":"https:\/\/grupotextil.es\/ca\/wp-json\/wp\/v2\/product_cat?post=194528"},{"taxonomy":"product_tag","embeddable":true,"href":"https:\/\/grupotextil.es\/ca\/wp-json\/wp\/v2\/product_tag?post=194528"}],"curies":[{"name":"wp","href":"https:\/\/api.w.org\/{rel}","templated":true}]}}