{"id":194599,"date":"2026-03-03T23:24:16","date_gmt":"2026-03-03T22:24:16","guid":{"rendered":"https:\/\/grupotextil.es\/producto\/bidon-termico-stamina-heyman-1788\/"},"modified":"2026-03-04T06:13:41","modified_gmt":"2026-03-04T05:13:41","slug":"bidon-termico-stamina-heyman-1788","status":"publish","type":"product","link":"https:\/\/grupotextil.es\/ca\/product\/bidon-termico-stamina-heyman-1788\/","title":{"rendered":"Bid\u00f3n T\u00e9rmico Stamina Heyman 1788"},"content":{"rendered":"<p>Bid\u00f3n t\u00e9rmico de acero inoxidable 304 reciclado de doble pared y tapa con aro magn\u00e9tico para soporte de m\u00f3vil. Con goma antideslizante en la base. Con capacidad 1L. Color blanco apto para sublimaci\u00f3n.<\/p>","protected":false},"excerpt":{"rendered":"<p>Bid\u00f3n t\u00e9rmico de acero inoxidable 304 reciclado de doble pared y tapa con aro magn\u00e9tico para soporte de m\u00f3vil. Con goma antideslizante en la base. Con capacidad 1L. Color blanco apto para sublimaci\u00f3n.<\/p>","protected":false},"featured_media":194600,"comment_status":"open","ping_status":"closed","template":"","meta":{"_acf_changed":false},"product_brand":[14012],"product_cat":[13958,14006,13971],"product_tag":[],"class_list":{"0":"post-194599","1":"product","2":"type-product","3":"status-publish","4":"has-post-thumbnail","6":"product_brand-stamina","7":"product_cat-mr-botellas-y-termos","8":"product_cat-acc-merchandising","9":"product_cat-mr-tazas","10":"tm-no-options","12":"first","13":"instock","14":"taxable","15":"shipping-taxable","16":"product-type-variable"},"acf":[],"_links":{"self":[{"href":"https:\/\/grupotextil.es\/ca\/wp-json\/wp\/v2\/product\/194599","targetHints":{"allow":["GET"]}}],"collection":[{"href":"https:\/\/grupotextil.es\/ca\/wp-json\/wp\/v2\/product"}],"about":[{"href":"https:\/\/grupotextil.es\/ca\/wp-json\/wp\/v2\/types\/product"}],"replies":[{"embeddable":true,"href":"https:\/\/grupotextil.es\/ca\/wp-json\/wp\/v2\/comments?post=194599"}],"wp:featuredmedia":[{"embeddable":true,"href":"https:\/\/grupotextil.es\/ca\/wp-json\/wp\/v2\/media\/194600"}],"wp:attachment":[{"href":"https:\/\/grupotextil.es\/ca\/wp-json\/wp\/v2\/media?parent=194599"}],"wp:term":[{"taxonomy":"product_brand","embeddable":true,"href":"https:\/\/grupotextil.es\/ca\/wp-json\/wp\/v2\/product_brand?post=194599"},{"taxonomy":"product_cat","embeddable":true,"href":"https:\/\/grupotextil.es\/ca\/wp-json\/wp\/v2\/product_cat?post=194599"},{"taxonomy":"product_tag","embeddable":true,"href":"https:\/\/grupotextil.es\/ca\/wp-json\/wp\/v2\/product_tag?post=194599"}],"curies":[{"name":"wp","href":"https:\/\/api.w.org\/{rel}","templated":true}]}}