{"id":194610,"date":"2026-03-03T23:24:26","date_gmt":"2026-03-03T22:24:26","guid":{"rendered":"https:\/\/grupotextil.es\/producto\/chaqueta-roly-california-6440-unisex\/"},"modified":"2026-03-10T01:59:23","modified_gmt":"2026-03-10T00:59:23","slug":"chaqueta-roly-california-6440-unisex","status":"publish","type":"product","link":"https:\/\/grupotextil.es\/ca\/product\/chaqueta-roly-california-6440-unisex\/","title":{"rendered":"Chaqueta Roly California 6440 Unisex"},"content":{"rendered":"<p>Chaqueta unisex ligeramente acolchada combinada con dos colores. Cuello, pu\u00f1os y bajo en rib 1\u00d71, con dos l\u00edneas a contraste. Bolsillos laterales con cremallera. Interior forrado. Botones a presi\u00f3n con acabado de pl\u00e1stico a contraste. Acceso interior en pecho izquierdo y espalda para reprocesos.<\/p>","protected":false},"excerpt":{"rendered":"<p>Chaqueta unisex ligeramente acolchada combinada con dos colores. Cuello, pu\u00f1os y bajo en rib 1\u00d71, con dos l\u00edneas a contraste. Bolsillos laterales con cremallera. Interior forrado. Botones a presi\u00f3n con acabado de pl\u00e1stico a contraste. Acceso interior en pecho izquierdo y espalda para reprocesos.<\/p>","protected":false},"featured_media":194611,"comment_status":"open","ping_status":"closed","template":"","meta":{"_acf_changed":false},"product_brand":[14011],"product_cat":[13990,13975,13973],"product_tag":[],"class_list":{"0":"post-194610","1":"product","2":"type-product","3":"status-publish","4":"has-post-thumbnail","6":"product_brand-roly","7":"product_cat-m-chaquetas-y-abrigos","8":"product_cat-ropa-mujer","9":"product_cat-ropa","10":"tm-no-options","12":"first","13":"instock","14":"taxable","15":"shipping-taxable","16":"product-type-variable"},"acf":[],"_links":{"self":[{"href":"https:\/\/grupotextil.es\/ca\/wp-json\/wp\/v2\/product\/194610","targetHints":{"allow":["GET"]}}],"collection":[{"href":"https:\/\/grupotextil.es\/ca\/wp-json\/wp\/v2\/product"}],"about":[{"href":"https:\/\/grupotextil.es\/ca\/wp-json\/wp\/v2\/types\/product"}],"replies":[{"embeddable":true,"href":"https:\/\/grupotextil.es\/ca\/wp-json\/wp\/v2\/comments?post=194610"}],"wp:featuredmedia":[{"embeddable":true,"href":"https:\/\/grupotextil.es\/ca\/wp-json\/wp\/v2\/media\/194611"}],"wp:attachment":[{"href":"https:\/\/grupotextil.es\/ca\/wp-json\/wp\/v2\/media?parent=194610"}],"wp:term":[{"taxonomy":"product_brand","embeddable":true,"href":"https:\/\/grupotextil.es\/ca\/wp-json\/wp\/v2\/product_brand?post=194610"},{"taxonomy":"product_cat","embeddable":true,"href":"https:\/\/grupotextil.es\/ca\/wp-json\/wp\/v2\/product_cat?post=194610"},{"taxonomy":"product_tag","embeddable":true,"href":"https:\/\/grupotextil.es\/ca\/wp-json\/wp\/v2\/product_tag?post=194610"}],"curies":[{"name":"wp","href":"https:\/\/api.w.org\/{rel}","templated":true}]}}