{"id":194826,"date":"2026-03-03T23:25:45","date_gmt":"2026-03-03T22:25:45","guid":{"rendered":"https:\/\/grupotextil.es\/producto\/taza-de-ceramica-stamina-banket-1638\/"},"modified":"2026-03-04T06:13:42","modified_gmt":"2026-03-04T05:13:42","slug":"taza-de-ceramica-stamina-banket-1638","status":"publish","type":"product","link":"https:\/\/grupotextil.es\/ca\/product\/taza-de-ceramica-stamina-banket-1638\/","title":{"rendered":"Taza de Cer\u00e1mica Stamina Banket 1638"},"content":{"rendered":"<p>La taza de cer\u00e1mica, especial para sublimaci\u00f3n, presenta un acabado brillante y una capacidad de 320 ml. Su base de corcho extra\u00edble proporciona estabilidad y protecci\u00f3n contra el calor. Ideal para personalizaci\u00f3n, esta taza combina funcionalidad y estilo, siendo perfecta para regalos personalizados o uso diario, tanto en el hogar como en la oficina.<\/p>","protected":false},"excerpt":{"rendered":"<p>La taza de cer\u00e1mica, especial para sublimaci\u00f3n, presenta un acabado brillante y una capacidad de 320 ml. Su base de corcho extra\u00edble proporciona estabilidad y protecci\u00f3n contra el calor. Ideal para personalizaci\u00f3n, esta taza combina funcionalidad y estilo, siendo perfecta para regalos personalizados o uso diario, tanto en el hogar como en la oficina.<\/p>","protected":false},"featured_media":194827,"comment_status":"open","ping_status":"closed","template":"","meta":{"_acf_changed":false},"product_brand":[14012],"product_cat":[14006,13971],"product_tag":[],"class_list":{"0":"post-194826","1":"product","2":"type-product","3":"status-publish","4":"has-post-thumbnail","6":"product_brand-stamina","7":"product_cat-acc-merchandising","8":"product_cat-mr-tazas","9":"tm-no-options","11":"first","12":"instock","13":"taxable","14":"shipping-taxable","15":"product-type-variable"},"acf":[],"_links":{"self":[{"href":"https:\/\/grupotextil.es\/ca\/wp-json\/wp\/v2\/product\/194826","targetHints":{"allow":["GET"]}}],"collection":[{"href":"https:\/\/grupotextil.es\/ca\/wp-json\/wp\/v2\/product"}],"about":[{"href":"https:\/\/grupotextil.es\/ca\/wp-json\/wp\/v2\/types\/product"}],"replies":[{"embeddable":true,"href":"https:\/\/grupotextil.es\/ca\/wp-json\/wp\/v2\/comments?post=194826"}],"wp:featuredmedia":[{"embeddable":true,"href":"https:\/\/grupotextil.es\/ca\/wp-json\/wp\/v2\/media\/194827"}],"wp:attachment":[{"href":"https:\/\/grupotextil.es\/ca\/wp-json\/wp\/v2\/media?parent=194826"}],"wp:term":[{"taxonomy":"product_brand","embeddable":true,"href":"https:\/\/grupotextil.es\/ca\/wp-json\/wp\/v2\/product_brand?post=194826"},{"taxonomy":"product_cat","embeddable":true,"href":"https:\/\/grupotextil.es\/ca\/wp-json\/wp\/v2\/product_cat?post=194826"},{"taxonomy":"product_tag","embeddable":true,"href":"https:\/\/grupotextil.es\/ca\/wp-json\/wp\/v2\/product_tag?post=194826"}],"curies":[{"name":"wp","href":"https:\/\/api.w.org\/{rel}","templated":true}]}}