{"id":194868,"date":"2026-03-03T23:26:09","date_gmt":"2026-03-03T22:26:09","guid":{"rendered":"https:\/\/grupotextil.es\/producto\/chaqueta-deportiva-roly-leros-0340-nino\/"},"modified":"2026-03-04T06:13:42","modified_gmt":"2026-03-04T05:13:42","slug":"chaqueta-deportiva-roly-leros-0340-nino","status":"publish","type":"product","link":"https:\/\/grupotextil.es\/ca\/product\/chaqueta-deportiva-roly-leros-0340-nino\/","title":{"rendered":"Chaqueta Deportiva Roly Leros 0340 Ni\u00f1o"},"content":{"rendered":"<p>Chaqueta deportiva con cierre frontal de cremallera. Bolsillos laterales con cremallera. Cuello, pu\u00f1os y bajo con Rib 1\u00d71. Pieza principal asim\u00e9trica en el pecho izquierdo especial para bordados. Combinable con pantal\u00f3n RODAS.<\/p>","protected":false},"excerpt":{"rendered":"<p>Chaqueta deportiva con cierre frontal de cremallera. Bolsillos laterales con cremallera. Cuello, pu\u00f1os y bajo con Rib 1\u00d71. Pieza principal asim\u00e9trica en el pecho izquierdo especial para bordados. Combinable con pantal\u00f3n RODAS.<\/p>","protected":false},"featured_media":194869,"comment_status":"open","ping_status":"closed","template":"","meta":{"_acf_changed":false},"product_brand":[14011],"product_cat":[13998,14005,13939,13976,13973],"product_tag":[],"class_list":{"0":"post-194868","1":"product","2":"type-product","3":"status-publish","4":"has-post-thumbnail","6":"product_brand-roly","7":"product_cat-n-chaquetas","8":"product_cat-rd-cortavientos","9":"product_cat-deportivo","10":"product_cat-ropa-nino","11":"product_cat-ropa","12":"tm-no-options","14":"first","15":"instock","16":"taxable","17":"shipping-taxable","18":"product-type-variable"},"acf":[],"_links":{"self":[{"href":"https:\/\/grupotextil.es\/ca\/wp-json\/wp\/v2\/product\/194868","targetHints":{"allow":["GET"]}}],"collection":[{"href":"https:\/\/grupotextil.es\/ca\/wp-json\/wp\/v2\/product"}],"about":[{"href":"https:\/\/grupotextil.es\/ca\/wp-json\/wp\/v2\/types\/product"}],"replies":[{"embeddable":true,"href":"https:\/\/grupotextil.es\/ca\/wp-json\/wp\/v2\/comments?post=194868"}],"wp:featuredmedia":[{"embeddable":true,"href":"https:\/\/grupotextil.es\/ca\/wp-json\/wp\/v2\/media\/194869"}],"wp:attachment":[{"href":"https:\/\/grupotextil.es\/ca\/wp-json\/wp\/v2\/media?parent=194868"}],"wp:term":[{"taxonomy":"product_brand","embeddable":true,"href":"https:\/\/grupotextil.es\/ca\/wp-json\/wp\/v2\/product_brand?post=194868"},{"taxonomy":"product_cat","embeddable":true,"href":"https:\/\/grupotextil.es\/ca\/wp-json\/wp\/v2\/product_cat?post=194868"},{"taxonomy":"product_tag","embeddable":true,"href":"https:\/\/grupotextil.es\/ca\/wp-json\/wp\/v2\/product_tag?post=194868"}],"curies":[{"name":"wp","href":"https:\/\/api.w.org\/{rel}","templated":true}]}}