{"id":194912,"date":"2026-03-03T23:26:16","date_gmt":"2026-03-03T22:26:16","guid":{"rendered":"https:\/\/grupotextil.es\/producto\/chaqueta-deportiva-roly-leros-0340-hombre\/"},"modified":"2026-03-10T01:58:48","modified_gmt":"2026-03-10T00:58:48","slug":"chaqueta-deportiva-roly-leros-0340-hombre","status":"publish","type":"product","link":"https:\/\/grupotextil.es\/ca\/product\/chaqueta-deportiva-roly-leros-0340-hombre\/","title":{"rendered":"Chaqueta Deportiva Roly Leros 0340 Hombre"},"content":{"rendered":"<p>Chaqueta deportiva con cierre frontal de cremallera. Bolsillos laterales con cremallera. Cuello, pu\u00f1os y bajo con Rib 1\u00d71. Pieza principal asim\u00e9trica en el pecho izquierdo especial para bordados. Combinable con pantal\u00f3n RODAS.<\/p>","protected":false},"excerpt":{"rendered":"<p>Chaqueta deportiva con cierre frontal de cremallera. Bolsillos laterales con cremallera. Cuello, pu\u00f1os y bajo con Rib 1\u00d71. Pieza principal asim\u00e9trica en el pecho izquierdo especial para bordados. Combinable con pantal\u00f3n RODAS.<\/p>","protected":false},"featured_media":194913,"comment_status":"open","ping_status":"closed","template":"","meta":{"_acf_changed":false},"product_brand":[14011],"product_cat":[13981,14005,13939,13974,13973],"product_tag":[],"class_list":{"0":"post-194912","1":"product","2":"type-product","3":"status-publish","4":"has-post-thumbnail","6":"product_brand-roly","7":"product_cat-h-chaquetas-y-abrigos","8":"product_cat-rd-cortavientos","9":"product_cat-deportivo","10":"product_cat-ropa-hombre","11":"product_cat-ropa","12":"tm-no-options","14":"first","15":"instock","16":"taxable","17":"shipping-taxable","18":"product-type-variable"},"acf":[],"_links":{"self":[{"href":"https:\/\/grupotextil.es\/ca\/wp-json\/wp\/v2\/product\/194912","targetHints":{"allow":["GET"]}}],"collection":[{"href":"https:\/\/grupotextil.es\/ca\/wp-json\/wp\/v2\/product"}],"about":[{"href":"https:\/\/grupotextil.es\/ca\/wp-json\/wp\/v2\/types\/product"}],"replies":[{"embeddable":true,"href":"https:\/\/grupotextil.es\/ca\/wp-json\/wp\/v2\/comments?post=194912"}],"wp:featuredmedia":[{"embeddable":true,"href":"https:\/\/grupotextil.es\/ca\/wp-json\/wp\/v2\/media\/194913"}],"wp:attachment":[{"href":"https:\/\/grupotextil.es\/ca\/wp-json\/wp\/v2\/media?parent=194912"}],"wp:term":[{"taxonomy":"product_brand","embeddable":true,"href":"https:\/\/grupotextil.es\/ca\/wp-json\/wp\/v2\/product_brand?post=194912"},{"taxonomy":"product_cat","embeddable":true,"href":"https:\/\/grupotextil.es\/ca\/wp-json\/wp\/v2\/product_cat?post=194912"},{"taxonomy":"product_tag","embeddable":true,"href":"https:\/\/grupotextil.es\/ca\/wp-json\/wp\/v2\/product_tag?post=194912"}],"curies":[{"name":"wp","href":"https:\/\/api.w.org\/{rel}","templated":true}]}}