{"id":195114,"date":"2026-03-03T23:27:43","date_gmt":"2026-03-03T22:27:43","guid":{"rendered":"https:\/\/grupotextil.es\/producto\/lampara-cargador-con-reloj-stamina-pyton-1632\/"},"modified":"2026-03-04T23:53:26","modified_gmt":"2026-03-04T22:53:26","slug":"lampara-cargador-con-reloj-stamina-pyton-1632","status":"publish","type":"product","link":"https:\/\/grupotextil.es\/ca\/product\/lampara-cargador-con-reloj-stamina-pyton-1632\/","title":{"rendered":"L\u00e1mpara Cargador con Reloj Stamina Pyton 1632"},"content":{"rendered":"<p>L\u00e1mpara cargador multifunci\u00f3n, fabricada en fibra de trigo y bamb\u00fa. Con tres tipos de luz distintos: brillante, suave y c\u00e1lida. Con diferentes niveles de intensidad ajustables mediante bot\u00f3n multifunci\u00f3n, aumentando y disminuyendo la graduaci\u00f3n de esta. Cuenta con base carga inal\u00e1mbrica de 15W de potencia para dispositivos compatibles con esta tecnolog\u00eda. Incorpora reloj con alarma, con posibilidad de ajustar \u00e9sta simult\u00e1neamente mediante los botones multifunci\u00f3n. En su base incorpora un lapicero organizador, un puerto USB de salida Tipo C y un puerto USB est\u00e1ndar. El cuerpo de la l\u00e1mpara plegable para mayor comodidad.<\/p>","protected":false},"excerpt":{"rendered":"<p>L\u00e1mpara cargador multifunci\u00f3n, fabricada en fibra de trigo y bamb\u00fa. Con tres tipos de luz distintos: brillante, suave y c\u00e1lida. Con diferentes niveles de intensidad ajustables mediante bot\u00f3n multifunci\u00f3n, aumentando y disminuyendo la graduaci\u00f3n de esta. Cuenta con base carga inal\u00e1mbrica de 15W de potencia para dispositivos compatibles con esta tecnolog\u00eda. Incorpora reloj con alarma, con posibilidad de ajustar \u00e9sta simult\u00e1neamente mediante los botones multifunci\u00f3n. En su base incorpora un lapicero organizador, un puerto USB de salida Tipo C y un puerto USB est\u00e1ndar. El cuerpo de la l\u00e1mpara plegable para mayor comodidad.<\/p>","protected":false},"featured_media":195115,"comment_status":"open","ping_status":"closed","template":"","meta":{"_acf_changed":false},"product_brand":[14012],"product_cat":[14006,13959],"product_tag":[],"class_list":{"0":"post-195114","1":"product","2":"type-product","3":"status-publish","4":"has-post-thumbnail","6":"product_brand-stamina","7":"product_cat-acc-merchandising","8":"product_cat-mr-tecnologia","9":"tm-no-options","11":"first","12":"instock","13":"featured","14":"taxable","15":"shipping-taxable","16":"product-type-variable"},"acf":[],"_links":{"self":[{"href":"https:\/\/grupotextil.es\/ca\/wp-json\/wp\/v2\/product\/195114","targetHints":{"allow":["GET"]}}],"collection":[{"href":"https:\/\/grupotextil.es\/ca\/wp-json\/wp\/v2\/product"}],"about":[{"href":"https:\/\/grupotextil.es\/ca\/wp-json\/wp\/v2\/types\/product"}],"replies":[{"embeddable":true,"href":"https:\/\/grupotextil.es\/ca\/wp-json\/wp\/v2\/comments?post=195114"}],"wp:featuredmedia":[{"embeddable":true,"href":"https:\/\/grupotextil.es\/ca\/wp-json\/wp\/v2\/media\/195115"}],"wp:attachment":[{"href":"https:\/\/grupotextil.es\/ca\/wp-json\/wp\/v2\/media?parent=195114"}],"wp:term":[{"taxonomy":"product_brand","embeddable":true,"href":"https:\/\/grupotextil.es\/ca\/wp-json\/wp\/v2\/product_brand?post=195114"},{"taxonomy":"product_cat","embeddable":true,"href":"https:\/\/grupotextil.es\/ca\/wp-json\/wp\/v2\/product_cat?post=195114"},{"taxonomy":"product_tag","embeddable":true,"href":"https:\/\/grupotextil.es\/ca\/wp-json\/wp\/v2\/product_tag?post=195114"}],"curies":[{"name":"wp","href":"https:\/\/api.w.org\/{rel}","templated":true}]}}