{"id":195458,"date":"2026-03-03T23:30:10","date_gmt":"2026-03-03T22:30:10","guid":{"rendered":"https:\/\/grupotextil.es\/producto\/bolso-nylon-reciclado-stamina-elena-1608\/"},"modified":"2026-03-04T06:13:44","modified_gmt":"2026-03-04T05:13:44","slug":"bolso-nylon-reciclado-stamina-elena-1608","status":"publish","type":"product","link":"https:\/\/grupotextil.es\/ca\/product\/bolso-nylon-reciclado-stamina-elena-1608\/","title":{"rendered":"Bolso Nylon Reciclado Stamina Elena 1608"},"content":{"rendered":"<p>Bolso \u2013 bandolera realizado de nylon reciclado repelente al agua, con compartimento principal espacioso y dos bolsillos interiores para una mejor organizaci\u00f3n. Ideal para el uso diario, combina estilo y sostenibilidad y una opci\u00f3n pr\u00e1ctica para llevar tus pertenencias de manera segura y ordenada.<\/p>","protected":false},"excerpt":{"rendered":"<p>Bolso \u2013 bandolera realizado de nylon reciclado repelente al agua, con compartimento principal espacioso y dos bolsillos interiores para una mejor organizaci\u00f3n. Ideal para el uso diario, combina estilo y sostenibilidad y una opci\u00f3n pr\u00e1ctica para llevar tus pertenencias de manera segura y ordenada.<\/p>","protected":false},"featured_media":195459,"comment_status":"open","ping_status":"closed","template":"","meta":{"_acf_changed":false},"product_brand":[14012],"product_cat":[13954],"product_tag":[],"class_list":{"0":"post-195458","1":"product","2":"type-product","3":"status-publish","4":"has-post-thumbnail","6":"product_brand-stamina","7":"product_cat-acc-bolsas-y-mochilas","8":"tm-no-options","10":"first","11":"instock","12":"taxable","13":"shipping-taxable","14":"product-type-variable"},"acf":[],"_links":{"self":[{"href":"https:\/\/grupotextil.es\/ca\/wp-json\/wp\/v2\/product\/195458","targetHints":{"allow":["GET"]}}],"collection":[{"href":"https:\/\/grupotextil.es\/ca\/wp-json\/wp\/v2\/product"}],"about":[{"href":"https:\/\/grupotextil.es\/ca\/wp-json\/wp\/v2\/types\/product"}],"replies":[{"embeddable":true,"href":"https:\/\/grupotextil.es\/ca\/wp-json\/wp\/v2\/comments?post=195458"}],"wp:featuredmedia":[{"embeddable":true,"href":"https:\/\/grupotextil.es\/ca\/wp-json\/wp\/v2\/media\/195459"}],"wp:attachment":[{"href":"https:\/\/grupotextil.es\/ca\/wp-json\/wp\/v2\/media?parent=195458"}],"wp:term":[{"taxonomy":"product_brand","embeddable":true,"href":"https:\/\/grupotextil.es\/ca\/wp-json\/wp\/v2\/product_brand?post=195458"},{"taxonomy":"product_cat","embeddable":true,"href":"https:\/\/grupotextil.es\/ca\/wp-json\/wp\/v2\/product_cat?post=195458"},{"taxonomy":"product_tag","embeddable":true,"href":"https:\/\/grupotextil.es\/ca\/wp-json\/wp\/v2\/product_tag?post=195458"}],"curies":[{"name":"wp","href":"https:\/\/api.w.org\/{rel}","templated":true}]}}