{"id":195916,"date":"2026-03-03T23:33:14","date_gmt":"2026-03-03T22:33:14","guid":{"rendered":"https:\/\/grupotextil.es\/producto\/chandal-roly-evans-6402-nino\/"},"modified":"2026-03-04T06:13:46","modified_gmt":"2026-03-04T05:13:46","slug":"chandal-roly-evans-6402-nino","status":"publish","type":"product","link":"https:\/\/grupotextil.es\/ca\/product\/chandal-roly-evans-6402-nino\/","title":{"rendered":"Chandal Roly Evans 6402 Ni\u00f1o"},"content":{"rendered":"<p>Ch\u00e1ndal en tejido ligero y el\u00e1stico. Chaqueta con pecho a contraste de color y vivo. Cuello alto con cubrecosturas a contraste. Cremallera central. Bolsillos laterales. Pu\u00f1os y cintura en canal\u00e9 2\u00d72. Pantal\u00f3n con cintura el\u00e1stica y cord\u00f3n de ajuste. Pieza lateral a contraste con vivo. Bajo con cremallera.<\/p>","protected":false},"excerpt":{"rendered":"<p>Ch\u00e1ndal en tejido ligero y el\u00e1stico. Chaqueta con pecho a contraste de color y vivo. Cuello alto con cubrecosturas a contraste. Cremallera central. Bolsillos laterales. Pu\u00f1os y cintura en canal\u00e9 2\u00d72. Pantal\u00f3n con cintura el\u00e1stica y cord\u00f3n de ajuste. Pieza lateral a contraste con vivo. Bajo con cremallera.<\/p>","protected":false},"featured_media":195917,"comment_status":"open","ping_status":"closed","template":"","meta":{"_acf_changed":false},"product_brand":[14011],"product_cat":[13941,13939,13976],"product_tag":[],"class_list":{"0":"post-195916","1":"product","2":"type-product","3":"status-publish","4":"has-post-thumbnail","6":"product_brand-roly","7":"product_cat-rd-chandal","8":"product_cat-deportivo","9":"product_cat-ropa-nino","10":"tm-no-options","12":"first","13":"instock","14":"taxable","15":"shipping-taxable","16":"product-type-variable"},"acf":[],"_links":{"self":[{"href":"https:\/\/grupotextil.es\/ca\/wp-json\/wp\/v2\/product\/195916","targetHints":{"allow":["GET"]}}],"collection":[{"href":"https:\/\/grupotextil.es\/ca\/wp-json\/wp\/v2\/product"}],"about":[{"href":"https:\/\/grupotextil.es\/ca\/wp-json\/wp\/v2\/types\/product"}],"replies":[{"embeddable":true,"href":"https:\/\/grupotextil.es\/ca\/wp-json\/wp\/v2\/comments?post=195916"}],"wp:featuredmedia":[{"embeddable":true,"href":"https:\/\/grupotextil.es\/ca\/wp-json\/wp\/v2\/media\/195917"}],"wp:attachment":[{"href":"https:\/\/grupotextil.es\/ca\/wp-json\/wp\/v2\/media?parent=195916"}],"wp:term":[{"taxonomy":"product_brand","embeddable":true,"href":"https:\/\/grupotextil.es\/ca\/wp-json\/wp\/v2\/product_brand?post=195916"},{"taxonomy":"product_cat","embeddable":true,"href":"https:\/\/grupotextil.es\/ca\/wp-json\/wp\/v2\/product_cat?post=195916"},{"taxonomy":"product_tag","embeddable":true,"href":"https:\/\/grupotextil.es\/ca\/wp-json\/wp\/v2\/product_tag?post=195916"}],"curies":[{"name":"wp","href":"https:\/\/api.w.org\/{rel}","templated":true}]}}