{"id":196011,"date":"2026-03-03T23:33:45","date_gmt":"2026-03-03T22:33:45","guid":{"rendered":"https:\/\/grupotextil.es\/producto\/pantalon-chandal-roly-adelpho-1174-hombre\/"},"modified":"2026-03-10T01:58:46","modified_gmt":"2026-03-10T00:58:46","slug":"pantalon-chandal-roly-adelpho-1174-hombre","status":"publish","type":"product","link":"https:\/\/grupotextil.es\/ca\/product\/pantalon-chandal-roly-adelpho-1174-hombre\/","title":{"rendered":"Pantal\u00f3n Ch\u00e1ndal Roly Adelpho 1174 Hombre"},"content":{"rendered":"<p>Pantal\u00f3n largo de ch\u00e1ndal, con cinturilla ancha ajustable mediante cord\u00f3n. Bajos de pu\u00f1o ajustado, costuras reforzadas, bolsillos laterales con cremallera y bolsillo trasero de esquina con vista pespunteada.<\/p>","protected":false},"excerpt":{"rendered":"<p>Pantal\u00f3n largo de ch\u00e1ndal, con cinturilla ancha ajustable mediante cord\u00f3n. Bajos de pu\u00f1o ajustado, costuras reforzadas, bolsillos laterales con cremallera y bolsillo trasero de esquina con vista pespunteada.<\/p>","protected":false},"featured_media":196012,"comment_status":"open","ping_status":"closed","template":"","meta":{"_acf_changed":false},"product_brand":[14011],"product_cat":[13939,13974,13983,13973],"product_tag":[],"class_list":{"0":"post-196011","1":"product","2":"type-product","3":"status-publish","4":"has-post-thumbnail","6":"product_brand-roly","7":"product_cat-deportivo","8":"product_cat-ropa-hombre","9":"product_cat-h-pantalones","10":"product_cat-ropa","11":"tm-no-options","13":"first","14":"instock","15":"taxable","16":"shipping-taxable","17":"product-type-variable"},"acf":[],"_links":{"self":[{"href":"https:\/\/grupotextil.es\/ca\/wp-json\/wp\/v2\/product\/196011","targetHints":{"allow":["GET"]}}],"collection":[{"href":"https:\/\/grupotextil.es\/ca\/wp-json\/wp\/v2\/product"}],"about":[{"href":"https:\/\/grupotextil.es\/ca\/wp-json\/wp\/v2\/types\/product"}],"replies":[{"embeddable":true,"href":"https:\/\/grupotextil.es\/ca\/wp-json\/wp\/v2\/comments?post=196011"}],"wp:featuredmedia":[{"embeddable":true,"href":"https:\/\/grupotextil.es\/ca\/wp-json\/wp\/v2\/media\/196012"}],"wp:attachment":[{"href":"https:\/\/grupotextil.es\/ca\/wp-json\/wp\/v2\/media?parent=196011"}],"wp:term":[{"taxonomy":"product_brand","embeddable":true,"href":"https:\/\/grupotextil.es\/ca\/wp-json\/wp\/v2\/product_brand?post=196011"},{"taxonomy":"product_cat","embeddable":true,"href":"https:\/\/grupotextil.es\/ca\/wp-json\/wp\/v2\/product_cat?post=196011"},{"taxonomy":"product_tag","embeddable":true,"href":"https:\/\/grupotextil.es\/ca\/wp-json\/wp\/v2\/product_tag?post=196011"}],"curies":[{"name":"wp","href":"https:\/\/api.w.org\/{rel}","templated":true}]}}