{"id":196151,"date":"2026-03-03T23:35:04","date_gmt":"2026-03-03T22:35:04","guid":{"rendered":"https:\/\/grupotextil.es\/producto\/chandal-roly-evans-6402-hombre\/"},"modified":"2026-03-04T23:53:24","modified_gmt":"2026-03-04T22:53:24","slug":"chandal-roly-evans-6402-hombre","status":"publish","type":"product","link":"https:\/\/grupotextil.es\/ca\/product\/chandal-roly-evans-6402-hombre\/","title":{"rendered":"Ch\u00e1ndal Roly Evans 6402 Hombre"},"content":{"rendered":"<p>Ch\u00e1ndal en tejido ligero y el\u00e1stico.\u00b7 Chaqueta con pecho a contraste de color y vivo.\u00b7 Cuello alto con cubrecosturas a contraste.\u00b7 Cremallera central\u00b7 Bolsillos laterales.\u00b7 Pu\u00f1os y cintura en canal\u00e9 2\u00d72.\u00b7 Pantal\u00f3n con cintura el\u00e1stica y cord\u00f3n de ajuste. \u00b7 Pieza lateral a contraste con vivo.\u00b7 Bajo con cremallera.<\/p>","protected":false},"excerpt":{"rendered":"<p>Ch\u00e1ndal en tejido ligero y el\u00e1stico.\u00b7 Chaqueta con pecho a contraste de color y vivo.\u00b7 Cuello alto con cubrecosturas a contraste.\u00b7 Cremallera central\u00b7 Bolsillos laterales.\u00b7 Pu\u00f1os y cintura en canal\u00e9 2\u00d72.\u00b7 Pantal\u00f3n con cintura el\u00e1stica y cord\u00f3n de ajuste. \u00b7 Pieza lateral a contraste con vivo.\u00b7 Bajo con cremallera.<\/p>","protected":false},"featured_media":196152,"comment_status":"open","ping_status":"closed","template":"","meta":{"_acf_changed":false},"product_brand":[14011],"product_cat":[13941,13939],"product_tag":[],"class_list":{"0":"post-196151","1":"product","2":"type-product","3":"status-publish","4":"has-post-thumbnail","6":"product_brand-roly","7":"product_cat-rd-chandal","8":"product_cat-deportivo","9":"tm-no-options","11":"first","12":"instock","13":"featured","14":"taxable","15":"shipping-taxable","16":"product-type-variable"},"acf":[],"_links":{"self":[{"href":"https:\/\/grupotextil.es\/ca\/wp-json\/wp\/v2\/product\/196151","targetHints":{"allow":["GET"]}}],"collection":[{"href":"https:\/\/grupotextil.es\/ca\/wp-json\/wp\/v2\/product"}],"about":[{"href":"https:\/\/grupotextil.es\/ca\/wp-json\/wp\/v2\/types\/product"}],"replies":[{"embeddable":true,"href":"https:\/\/grupotextil.es\/ca\/wp-json\/wp\/v2\/comments?post=196151"}],"wp:featuredmedia":[{"embeddable":true,"href":"https:\/\/grupotextil.es\/ca\/wp-json\/wp\/v2\/media\/196152"}],"wp:attachment":[{"href":"https:\/\/grupotextil.es\/ca\/wp-json\/wp\/v2\/media?parent=196151"}],"wp:term":[{"taxonomy":"product_brand","embeddable":true,"href":"https:\/\/grupotextil.es\/ca\/wp-json\/wp\/v2\/product_brand?post=196151"},{"taxonomy":"product_cat","embeddable":true,"href":"https:\/\/grupotextil.es\/ca\/wp-json\/wp\/v2\/product_cat?post=196151"},{"taxonomy":"product_tag","embeddable":true,"href":"https:\/\/grupotextil.es\/ca\/wp-json\/wp\/v2\/product_tag?post=196151"}],"curies":[{"name":"wp","href":"https:\/\/api.w.org\/{rel}","templated":true}]}}