{"id":196224,"date":"2026-03-03T23:35:42","date_gmt":"2026-03-03T22:35:42","guid":{"rendered":"https:\/\/grupotextil.es\/producto\/bateria-externa-stamina-gunder-1286\/"},"modified":"2026-03-04T06:13:47","modified_gmt":"2026-03-04T05:13:47","slug":"bateria-externa-stamina-gunder-1286","status":"publish","type":"product","link":"https:\/\/grupotextil.es\/ca\/product\/bateria-externa-stamina-gunder-1286\/","title":{"rendered":"Bateria Externa Stamina Gunder 1286"},"content":{"rendered":"<p>Bater\u00eda externa realizada con cuerpo de bamb\u00fa y ABS reciclado. Capacidad 5000 mAh con funci\u00f3n magn\u00e9tica de 15W. Pantalla led que indica porcentaje de bater\u00eda. Incluye anillo accesorio adhesivo.<\/p>","protected":false},"excerpt":{"rendered":"<p>Bater\u00eda externa realizada con cuerpo de bamb\u00fa y ABS reciclado. Capacidad 5000 mAh con funci\u00f3n magn\u00e9tica de 15W. Pantalla led que indica porcentaje de bater\u00eda. Incluye anillo accesorio adhesivo.<\/p>","protected":false},"featured_media":196225,"comment_status":"open","ping_status":"closed","template":"","meta":{"_acf_changed":false},"product_brand":[14012],"product_cat":[14006,13959],"product_tag":[],"class_list":{"0":"post-196224","1":"product","2":"type-product","3":"status-publish","4":"has-post-thumbnail","6":"product_brand-stamina","7":"product_cat-acc-merchandising","8":"product_cat-mr-tecnologia","9":"tm-no-options","11":"first","12":"instock","13":"taxable","14":"shipping-taxable","15":"product-type-variable"},"acf":[],"_links":{"self":[{"href":"https:\/\/grupotextil.es\/ca\/wp-json\/wp\/v2\/product\/196224","targetHints":{"allow":["GET"]}}],"collection":[{"href":"https:\/\/grupotextil.es\/ca\/wp-json\/wp\/v2\/product"}],"about":[{"href":"https:\/\/grupotextil.es\/ca\/wp-json\/wp\/v2\/types\/product"}],"replies":[{"embeddable":true,"href":"https:\/\/grupotextil.es\/ca\/wp-json\/wp\/v2\/comments?post=196224"}],"wp:featuredmedia":[{"embeddable":true,"href":"https:\/\/grupotextil.es\/ca\/wp-json\/wp\/v2\/media\/196225"}],"wp:attachment":[{"href":"https:\/\/grupotextil.es\/ca\/wp-json\/wp\/v2\/media?parent=196224"}],"wp:term":[{"taxonomy":"product_brand","embeddable":true,"href":"https:\/\/grupotextil.es\/ca\/wp-json\/wp\/v2\/product_brand?post=196224"},{"taxonomy":"product_cat","embeddable":true,"href":"https:\/\/grupotextil.es\/ca\/wp-json\/wp\/v2\/product_cat?post=196224"},{"taxonomy":"product_tag","embeddable":true,"href":"https:\/\/grupotextil.es\/ca\/wp-json\/wp\/v2\/product_tag?post=196224"}],"curies":[{"name":"wp","href":"https:\/\/api.w.org\/{rel}","templated":true}]}}