{"id":196233,"date":"2026-03-03T23:35:52","date_gmt":"2026-03-03T22:35:52","guid":{"rendered":"https:\/\/grupotextil.es\/producto\/top-tecnico-roly-sebring-6665-mujer\/"},"modified":"2026-03-10T01:59:20","modified_gmt":"2026-03-10T00:59:20","slug":"top-tecnico-roly-sebring-6665-mujer","status":"publish","type":"product","link":"https:\/\/grupotextil.es\/ca\/product\/top-tecnico-roly-sebring-6665-mujer\/","title":{"rendered":"Top T\u00e9cnico Roly Sebring 6665 Mujer"},"content":{"rendered":"<p>Top t\u00e9cnico de mujer. Tejido transpirable. Espalda con tirantes cruzados de dise\u00f1o. Sujeci\u00f3n alta.<\/p>","protected":false},"excerpt":{"rendered":"<p>Top t\u00e9cnico de mujer. Tejido transpirable. Espalda con tirantes cruzados de dise\u00f1o. Sujeci\u00f3n alta.<\/p>","protected":false},"featured_media":196234,"comment_status":"open","ping_status":"closed","template":"","meta":{"_acf_changed":false},"product_brand":[14011],"product_cat":[13931,13986,14004,13939,13930,13975,13973],"product_tag":[],"class_list":{"0":"post-196233","1":"product","2":"type-product","3":"status-publish","4":"has-post-thumbnail","6":"product_brand-roly","7":"product_cat-rl-alta-visibilidad","8":"product_cat-m-camisetas-manga-corta","9":"product_cat-rd-camisetas-tecnicas","10":"product_cat-deportivo","11":"product_cat-laboral","12":"product_cat-ropa-mujer","13":"product_cat-ropa","14":"tm-no-options","16":"first","17":"instock","18":"taxable","19":"shipping-taxable","20":"product-type-variable"},"acf":[],"_links":{"self":[{"href":"https:\/\/grupotextil.es\/ca\/wp-json\/wp\/v2\/product\/196233","targetHints":{"allow":["GET"]}}],"collection":[{"href":"https:\/\/grupotextil.es\/ca\/wp-json\/wp\/v2\/product"}],"about":[{"href":"https:\/\/grupotextil.es\/ca\/wp-json\/wp\/v2\/types\/product"}],"replies":[{"embeddable":true,"href":"https:\/\/grupotextil.es\/ca\/wp-json\/wp\/v2\/comments?post=196233"}],"wp:featuredmedia":[{"embeddable":true,"href":"https:\/\/grupotextil.es\/ca\/wp-json\/wp\/v2\/media\/196234"}],"wp:attachment":[{"href":"https:\/\/grupotextil.es\/ca\/wp-json\/wp\/v2\/media?parent=196233"}],"wp:term":[{"taxonomy":"product_brand","embeddable":true,"href":"https:\/\/grupotextil.es\/ca\/wp-json\/wp\/v2\/product_brand?post=196233"},{"taxonomy":"product_cat","embeddable":true,"href":"https:\/\/grupotextil.es\/ca\/wp-json\/wp\/v2\/product_cat?post=196233"},{"taxonomy":"product_tag","embeddable":true,"href":"https:\/\/grupotextil.es\/ca\/wp-json\/wp\/v2\/product_tag?post=196233"}],"curies":[{"name":"wp","href":"https:\/\/api.w.org\/{rel}","templated":true}]}}