{"id":196391,"date":"2026-03-03T23:37:33","date_gmt":"2026-03-03T22:37:33","guid":{"rendered":"https:\/\/grupotextil.es\/producto\/altavoz-bluetooth-inalambrico-con-lampara-stamina-mosul-1262\/"},"modified":"2026-03-04T06:13:48","modified_gmt":"2026-03-04T05:13:48","slug":"altavoz-bluetooth-inalambrico-con-lampara-stamina-mosul-1262","status":"publish","type":"product","link":"https:\/\/grupotextil.es\/ca\/product\/altavoz-bluetooth-inalambrico-con-lampara-stamina-mosul-1262\/","title":{"rendered":"Altavoz Bluetooth Inal\u00e1mbrico con L\u00e1mpara Stamina Mosul 1262"},"content":{"rendered":"<p>Altavoz inal\u00e1mbrico con funci\u00f3n l\u00e1mpara, con cuerpo elaborado en bamb\u00fa. El altavoz es recargable con una potencia de 3W con conexi\u00f3n Bluetooth para disfrutar de la m\u00fasica que desees. La l\u00e1mpara cuenta con 230 lumen, de uso a pilas, con encendido autom\u00e1tico al extenderla. Cuenta con asas de transporte para llevarla donde quieras m\u00e1s f\u00e1cilmente.<\/p>","protected":false},"excerpt":{"rendered":"<p>Altavoz inal\u00e1mbrico con funci\u00f3n l\u00e1mpara, con cuerpo elaborado en bamb\u00fa. El altavoz es recargable con una potencia de 3W con conexi\u00f3n Bluetooth para disfrutar de la m\u00fasica que desees. La l\u00e1mpara cuenta con 230 lumen, de uso a pilas, con encendido autom\u00e1tico al extenderla. Cuenta con asas de transporte para llevarla donde quieras m\u00e1s f\u00e1cilmente.<\/p>","protected":false},"featured_media":196392,"comment_status":"open","ping_status":"closed","template":"","meta":{"_acf_changed":false},"product_brand":[14012],"product_cat":[14006,13959],"product_tag":[],"class_list":{"0":"post-196391","1":"product","2":"type-product","3":"status-publish","4":"has-post-thumbnail","6":"product_brand-stamina","7":"product_cat-acc-merchandising","8":"product_cat-mr-tecnologia","9":"tm-no-options","11":"first","12":"outofstock","13":"taxable","14":"shipping-taxable","15":"product-type-variable"},"acf":[],"_links":{"self":[{"href":"https:\/\/grupotextil.es\/ca\/wp-json\/wp\/v2\/product\/196391","targetHints":{"allow":["GET"]}}],"collection":[{"href":"https:\/\/grupotextil.es\/ca\/wp-json\/wp\/v2\/product"}],"about":[{"href":"https:\/\/grupotextil.es\/ca\/wp-json\/wp\/v2\/types\/product"}],"replies":[{"embeddable":true,"href":"https:\/\/grupotextil.es\/ca\/wp-json\/wp\/v2\/comments?post=196391"}],"wp:featuredmedia":[{"embeddable":true,"href":"https:\/\/grupotextil.es\/ca\/wp-json\/wp\/v2\/media\/196392"}],"wp:attachment":[{"href":"https:\/\/grupotextil.es\/ca\/wp-json\/wp\/v2\/media?parent=196391"}],"wp:term":[{"taxonomy":"product_brand","embeddable":true,"href":"https:\/\/grupotextil.es\/ca\/wp-json\/wp\/v2\/product_brand?post=196391"},{"taxonomy":"product_cat","embeddable":true,"href":"https:\/\/grupotextil.es\/ca\/wp-json\/wp\/v2\/product_cat?post=196391"},{"taxonomy":"product_tag","embeddable":true,"href":"https:\/\/grupotextil.es\/ca\/wp-json\/wp\/v2\/product_tag?post=196391"}],"curies":[{"name":"wp","href":"https:\/\/api.w.org\/{rel}","templated":true}]}}