{"id":196399,"date":"2026-03-03T23:37:44","date_gmt":"2026-03-03T22:37:44","guid":{"rendered":"https:\/\/grupotextil.es\/producto\/polo-tecnico-roly-tamil-0409-woman\/"},"modified":"2026-03-10T01:59:19","modified_gmt":"2026-03-10T00:59:19","slug":"polo-tecnico-roly-tamil-0409-woman","status":"publish","type":"product","link":"https:\/\/grupotextil.es\/ca\/product\/polo-tecnico-roly-tamil-0409-woman\/","title":{"rendered":"Polo T\u00e9cnico Roly Tamil 0409 Woman"},"content":{"rendered":"<p>Polo t\u00e9cnico de mujer entallado de manga corta en poli\u00e9ster reciclado antibacteriano. Cuello y detalle ribete de mangas en canal\u00e9 1\u00d71. Cubrecosturas reforzado en cuello. Tapeta con 2 botones autom\u00e1ticos. Piezas de hombros y detalles a contraste. Aperturas laterales en el bajo.<\/p>","protected":false},"excerpt":{"rendered":"<p>Polo t\u00e9cnico de mujer entallado de manga corta en poli\u00e9ster reciclado antibacteriano. Cuello y detalle ribete de mangas en canal\u00e9 1\u00d71. Cubrecosturas reforzado en cuello. Tapeta con 2 botones autom\u00e1ticos. Piezas de hombros y detalles a contraste. Aperturas laterales en el bajo.<\/p>","protected":false},"featured_media":196400,"comment_status":"open","ping_status":"closed","template":"","meta":{"_acf_changed":false},"product_brand":[14011],"product_cat":[13939,13975,13988,13973],"product_tag":[],"class_list":{"0":"post-196399","1":"product","2":"type-product","3":"status-publish","4":"has-post-thumbnail","6":"product_brand-roly","7":"product_cat-deportivo","8":"product_cat-ropa-mujer","9":"product_cat-m-polos","10":"product_cat-ropa","11":"tm-no-options","13":"first","14":"instock","15":"taxable","16":"shipping-taxable","17":"product-type-variable"},"acf":[],"_links":{"self":[{"href":"https:\/\/grupotextil.es\/ca\/wp-json\/wp\/v2\/product\/196399","targetHints":{"allow":["GET"]}}],"collection":[{"href":"https:\/\/grupotextil.es\/ca\/wp-json\/wp\/v2\/product"}],"about":[{"href":"https:\/\/grupotextil.es\/ca\/wp-json\/wp\/v2\/types\/product"}],"replies":[{"embeddable":true,"href":"https:\/\/grupotextil.es\/ca\/wp-json\/wp\/v2\/comments?post=196399"}],"wp:featuredmedia":[{"embeddable":true,"href":"https:\/\/grupotextil.es\/ca\/wp-json\/wp\/v2\/media\/196400"}],"wp:attachment":[{"href":"https:\/\/grupotextil.es\/ca\/wp-json\/wp\/v2\/media?parent=196399"}],"wp:term":[{"taxonomy":"product_brand","embeddable":true,"href":"https:\/\/grupotextil.es\/ca\/wp-json\/wp\/v2\/product_brand?post=196399"},{"taxonomy":"product_cat","embeddable":true,"href":"https:\/\/grupotextil.es\/ca\/wp-json\/wp\/v2\/product_cat?post=196399"},{"taxonomy":"product_tag","embeddable":true,"href":"https:\/\/grupotextil.es\/ca\/wp-json\/wp\/v2\/product_tag?post=196399"}],"curies":[{"name":"wp","href":"https:\/\/api.w.org\/{rel}","templated":true}]}}