{"id":196429,"date":"2026-03-03T23:37:59","date_gmt":"2026-03-03T22:37:59","guid":{"rendered":"https:\/\/grupotextil.es\/producto\/monedero-fieltro-reciclado-stamina-luton-1135\/"},"modified":"2026-03-04T06:13:48","modified_gmt":"2026-03-04T05:13:48","slug":"monedero-fieltro-reciclado-stamina-luton-1135","status":"publish","type":"product","link":"https:\/\/grupotextil.es\/ca\/product\/monedero-fieltro-reciclado-stamina-luton-1135\/","title":{"rendered":"Monedero Fieltro Reciclado Stamina Luton 1135"},"content":{"rendered":"<p>Monedero realizado en fieltro reciclado con dise\u00f1o vigor\u00e9, una opci\u00f3n sostenible y resistente para llevar tus monedas y los objetos peque\u00f1os que necesites llevar contigo.<\/p>","protected":false},"excerpt":{"rendered":"<p>Monedero realizado en fieltro reciclado con dise\u00f1o vigor\u00e9, una opci\u00f3n sostenible y resistente para llevar tus monedas y los objetos peque\u00f1os que necesites llevar contigo.<\/p>","protected":false},"featured_media":196430,"comment_status":"open","ping_status":"closed","template":"","meta":{"_acf_changed":false},"product_brand":[14012],"product_cat":[13948],"product_tag":[],"class_list":{"0":"post-196429","1":"product","2":"type-product","3":"status-publish","4":"has-post-thumbnail","6":"product_brand-stamina","7":"product_cat-accesorios","8":"tm-no-options","10":"first","11":"instock","12":"taxable","13":"shipping-taxable","14":"product-type-variable"},"acf":[],"_links":{"self":[{"href":"https:\/\/grupotextil.es\/ca\/wp-json\/wp\/v2\/product\/196429","targetHints":{"allow":["GET"]}}],"collection":[{"href":"https:\/\/grupotextil.es\/ca\/wp-json\/wp\/v2\/product"}],"about":[{"href":"https:\/\/grupotextil.es\/ca\/wp-json\/wp\/v2\/types\/product"}],"replies":[{"embeddable":true,"href":"https:\/\/grupotextil.es\/ca\/wp-json\/wp\/v2\/comments?post=196429"}],"wp:featuredmedia":[{"embeddable":true,"href":"https:\/\/grupotextil.es\/ca\/wp-json\/wp\/v2\/media\/196430"}],"wp:attachment":[{"href":"https:\/\/grupotextil.es\/ca\/wp-json\/wp\/v2\/media?parent=196429"}],"wp:term":[{"taxonomy":"product_brand","embeddable":true,"href":"https:\/\/grupotextil.es\/ca\/wp-json\/wp\/v2\/product_brand?post=196429"},{"taxonomy":"product_cat","embeddable":true,"href":"https:\/\/grupotextil.es\/ca\/wp-json\/wp\/v2\/product_cat?post=196429"},{"taxonomy":"product_tag","embeddable":true,"href":"https:\/\/grupotextil.es\/ca\/wp-json\/wp\/v2\/product_tag?post=196429"}],"curies":[{"name":"wp","href":"https:\/\/api.w.org\/{rel}","templated":true}]}}