{"id":196435,"date":"2026-03-03T23:38:11","date_gmt":"2026-03-03T22:38:11","guid":{"rendered":"https:\/\/grupotextil.es\/producto\/chandal-roly-creta-6410-hombre\/"},"modified":"2026-03-04T06:13:48","modified_gmt":"2026-03-04T05:13:48","slug":"chandal-roly-creta-6410-hombre","status":"publish","type":"product","link":"https:\/\/grupotextil.es\/ca\/product\/chandal-roly-creta-6410-hombre\/","title":{"rendered":"Ch\u00e1ndal Roly Creta 6410 Hombre"},"content":{"rendered":"<p>Ch\u00e1ndal combinado de chaqueta y pantal\u00f3n: Cuello alto con cubrecosturas interior a tono. Cremallera central a tono con tirador. Bolsillos laterales de chaqueta con cremalleras. Banda lateral a contraste. Pantal\u00f3n con cintura el\u00e1stica y cord\u00f3n ajustable. Dos bolsillos laterales. Bolsillo trasero con cremallera. Bajo con pu\u00f1os el\u00e1sticos en canal\u00e9 1\u00d71.<\/p>","protected":false},"excerpt":{"rendered":"<p>Ch\u00e1ndal combinado de chaqueta y pantal\u00f3n: Cuello alto con cubrecosturas interior a tono. Cremallera central a tono con tirador. Bolsillos laterales de chaqueta con cremalleras. Banda lateral a contraste. Pantal\u00f3n con cintura el\u00e1stica y cord\u00f3n ajustable. Dos bolsillos laterales. Bolsillo trasero con cremallera. Bajo con pu\u00f1os el\u00e1sticos en canal\u00e9 1\u00d71.<\/p>","protected":false},"featured_media":196436,"comment_status":"open","ping_status":"closed","template":"","meta":{"_acf_changed":false},"product_brand":[14011],"product_cat":[13941,13939],"product_tag":[],"class_list":{"0":"post-196435","1":"product","2":"type-product","3":"status-publish","4":"has-post-thumbnail","6":"product_brand-roly","7":"product_cat-rd-chandal","8":"product_cat-deportivo","9":"tm-no-options","11":"first","12":"instock","13":"taxable","14":"shipping-taxable","15":"product-type-variable"},"acf":[],"_links":{"self":[{"href":"https:\/\/grupotextil.es\/ca\/wp-json\/wp\/v2\/product\/196435","targetHints":{"allow":["GET"]}}],"collection":[{"href":"https:\/\/grupotextil.es\/ca\/wp-json\/wp\/v2\/product"}],"about":[{"href":"https:\/\/grupotextil.es\/ca\/wp-json\/wp\/v2\/types\/product"}],"replies":[{"embeddable":true,"href":"https:\/\/grupotextil.es\/ca\/wp-json\/wp\/v2\/comments?post=196435"}],"wp:featuredmedia":[{"embeddable":true,"href":"https:\/\/grupotextil.es\/ca\/wp-json\/wp\/v2\/media\/196436"}],"wp:attachment":[{"href":"https:\/\/grupotextil.es\/ca\/wp-json\/wp\/v2\/media?parent=196435"}],"wp:term":[{"taxonomy":"product_brand","embeddable":true,"href":"https:\/\/grupotextil.es\/ca\/wp-json\/wp\/v2\/product_brand?post=196435"},{"taxonomy":"product_cat","embeddable":true,"href":"https:\/\/grupotextil.es\/ca\/wp-json\/wp\/v2\/product_cat?post=196435"},{"taxonomy":"product_tag","embeddable":true,"href":"https:\/\/grupotextil.es\/ca\/wp-json\/wp\/v2\/product_tag?post=196435"}],"curies":[{"name":"wp","href":"https:\/\/api.w.org\/{rel}","templated":true}]}}