{"id":196701,"date":"2026-03-03T23:39:37","date_gmt":"2026-03-03T22:39:37","guid":{"rendered":"https:\/\/grupotextil.es\/producto\/polo-organico-roly-prince-6617-hombre\/"},"modified":"2026-03-10T01:58:45","modified_gmt":"2026-03-10T00:58:45","slug":"polo-organico-roly-prince-6617-hombre","status":"publish","type":"product","link":"https:\/\/grupotextil.es\/ca\/product\/polo-organico-roly-prince-6617-hombre\/","title":{"rendered":"Polo Org\u00e1nico Roly Prince 6617 Hombre"},"content":{"rendered":"<p>Polo de manga corta en algod\u00f3n org\u00e1nico certificado OCS. Cuello y ribete de mangas en canal\u00e9 1\u00d71. Tapeta con 2 botones. Cubrecosturas reforzado en cuello. Aperturas laterales en el bajo. Bolsillo opcional.<\/p>","protected":false},"excerpt":{"rendered":"<p>Polo de manga corta en algod\u00f3n org\u00e1nico certificado OCS. Cuello y ribete de mangas en canal\u00e9 1\u00d71. Tapeta con 2 botones. Cubrecosturas reforzado en cuello. Aperturas laterales en el bajo. Bolsillo opcional.<\/p>","protected":false},"featured_media":196702,"comment_status":"open","ping_status":"closed","template":"","meta":{"_acf_changed":false},"product_brand":[14011],"product_cat":[13974,13979,13973,9841],"product_tag":[],"class_list":{"0":"post-196701","1":"product","2":"type-product","3":"status-publish","4":"has-post-thumbnail","6":"product_brand-roly","7":"product_cat-ropa-hombre","8":"product_cat-h-polos","9":"product_cat-ropa","10":"product_cat-sostenible","11":"tm-no-options","13":"first","14":"instock","15":"taxable","16":"shipping-taxable","17":"product-type-variable"},"acf":[],"_links":{"self":[{"href":"https:\/\/grupotextil.es\/ca\/wp-json\/wp\/v2\/product\/196701","targetHints":{"allow":["GET"]}}],"collection":[{"href":"https:\/\/grupotextil.es\/ca\/wp-json\/wp\/v2\/product"}],"about":[{"href":"https:\/\/grupotextil.es\/ca\/wp-json\/wp\/v2\/types\/product"}],"replies":[{"embeddable":true,"href":"https:\/\/grupotextil.es\/ca\/wp-json\/wp\/v2\/comments?post=196701"}],"wp:featuredmedia":[{"embeddable":true,"href":"https:\/\/grupotextil.es\/ca\/wp-json\/wp\/v2\/media\/196702"}],"wp:attachment":[{"href":"https:\/\/grupotextil.es\/ca\/wp-json\/wp\/v2\/media?parent=196701"}],"wp:term":[{"taxonomy":"product_brand","embeddable":true,"href":"https:\/\/grupotextil.es\/ca\/wp-json\/wp\/v2\/product_brand?post=196701"},{"taxonomy":"product_cat","embeddable":true,"href":"https:\/\/grupotextil.es\/ca\/wp-json\/wp\/v2\/product_cat?post=196701"},{"taxonomy":"product_tag","embeddable":true,"href":"https:\/\/grupotextil.es\/ca\/wp-json\/wp\/v2\/product_tag?post=196701"}],"curies":[{"name":"wp","href":"https:\/\/api.w.org\/{rel}","templated":true}]}}