{"id":196843,"date":"2026-03-03T23:41:14","date_gmt":"2026-03-03T22:41:14","guid":{"rendered":"https:\/\/grupotextil.es\/producto\/reloj-inteligente-stamina-donix-1046\/"},"modified":"2026-03-04T06:13:49","modified_gmt":"2026-03-04T05:13:49","slug":"reloj-inteligente-stamina-donix-1046","status":"publish","type":"product","link":"https:\/\/grupotextil.es\/ca\/product\/reloj-inteligente-stamina-donix-1046\/","title":{"rendered":"Reloj Inteligente Stamina Donix 1046"},"content":{"rendered":"<p>El reloj inteligente de actividad combina un dise\u00f1o elegante con funciones avanzadas para satisfacer tus necesidades diarias. Con su esfera de acabado metalizado y correa de silicona, este reloj ofrece un aspecto moderno y sofisticado.<br \/>\nLa pantalla t\u00e1ctil IPS de 1,89 pulgadas proporciona una experiencia visual envolvente y clara. Adem\u00e1s, cuenta con una resistencia al polvo y al agua con una clasificaci\u00f3n IP67, lo que te brinda tranquilidad para usarlo en cualquier entorno.<br \/>\nCon m\u00e1s de 100 modos de deporte, este reloj se adapta a tu estilo de vida activo y cuenta con la monitorizaci\u00f3n de la frecuencia card\u00edaca, permiti\u00e9ndote conocer tus niveles de actividad y optimizar tu rendimiento.<\/p>\n<p>El control de llamadas te permite recibir notificaciones y gestionar tus llamadas directamente desde tu mu\u00f1eca, sin necesidad de sacar tu tel\u00e9fono, con asistentes de voz para un control f\u00e1cil y la funci\u00f3n de encontrar el smartphone que te ayuda a localizar tu tel\u00e9fono en caso de p\u00e9rdida.<br \/>\nCon la conexi\u00f3n a una aplicaci\u00f3n compatible con iOS y Android, puedes acceder a estad\u00edsticas detalladas, establecer metas de actividad y realizar un seguimiento de tu progreso en tiempo real. El cable USB de carga incluido te brinda una forma sencilla de recargar la bater\u00eda.<br \/>\nPresentaci\u00f3n en caja dise\u00f1o.<\/p>","protected":false},"excerpt":{"rendered":"<p>El reloj inteligente de actividad combina un dise\u00f1o elegante con funciones avanzadas para satisfacer tus necesidades diarias. Con su esfera de acabado metalizado y correa de silicona, este reloj ofrece un aspecto moderno y sofisticado.<br \/>\nLa pantalla t\u00e1ctil IPS de 1,89 pulgadas proporciona una experiencia visual envolvente y clara. Adem\u00e1s, cuenta con una resistencia al polvo y al agua con una clasificaci\u00f3n IP67, lo que te brinda tranquilidad para usarlo en cualquier entorno.<br \/>\nCon m\u00e1s de 100 modos de deporte, este reloj se adapta a tu estilo de vida activo y cuenta con la monitorizaci\u00f3n de la frecuencia card\u00edaca, permiti\u00e9ndote conocer tus niveles de actividad y optimizar tu rendimiento.<\/p>\n<p>El control de llamadas te permite recibir notificaciones y gestionar tus llamadas directamente desde tu mu\u00f1eca, sin necesidad de sacar tu tel\u00e9fono, con asistentes de voz para un control f\u00e1cil y la funci\u00f3n de encontrar el smartphone que te ayuda a localizar tu tel\u00e9fono en caso de p\u00e9rdida.<br \/>\nCon la conexi\u00f3n a una aplicaci\u00f3n compatible con iOS y Android, puedes acceder a estad\u00edsticas detalladas, establecer metas de actividad y realizar un seguimiento de tu progreso en tiempo real. El cable USB de carga incluido te brinda una forma sencilla de recargar la bater\u00eda.<br \/>\nPresentaci\u00f3n en caja dise\u00f1o.<\/p>","protected":false},"featured_media":196844,"comment_status":"open","ping_status":"closed","template":"","meta":{"_acf_changed":false},"product_brand":[14012],"product_cat":[14006,13959],"product_tag":[],"class_list":{"0":"post-196843","1":"product","2":"type-product","3":"status-publish","4":"has-post-thumbnail","6":"product_brand-stamina","7":"product_cat-acc-merchandising","8":"product_cat-mr-tecnologia","9":"tm-no-options","11":"first","12":"instock","13":"taxable","14":"shipping-taxable","15":"product-type-variable"},"acf":[],"_links":{"self":[{"href":"https:\/\/grupotextil.es\/ca\/wp-json\/wp\/v2\/product\/196843","targetHints":{"allow":["GET"]}}],"collection":[{"href":"https:\/\/grupotextil.es\/ca\/wp-json\/wp\/v2\/product"}],"about":[{"href":"https:\/\/grupotextil.es\/ca\/wp-json\/wp\/v2\/types\/product"}],"replies":[{"embeddable":true,"href":"https:\/\/grupotextil.es\/ca\/wp-json\/wp\/v2\/comments?post=196843"}],"wp:featuredmedia":[{"embeddable":true,"href":"https:\/\/grupotextil.es\/ca\/wp-json\/wp\/v2\/media\/196844"}],"wp:attachment":[{"href":"https:\/\/grupotextil.es\/ca\/wp-json\/wp\/v2\/media?parent=196843"}],"wp:term":[{"taxonomy":"product_brand","embeddable":true,"href":"https:\/\/grupotextil.es\/ca\/wp-json\/wp\/v2\/product_brand?post=196843"},{"taxonomy":"product_cat","embeddable":true,"href":"https:\/\/grupotextil.es\/ca\/wp-json\/wp\/v2\/product_cat?post=196843"},{"taxonomy":"product_tag","embeddable":true,"href":"https:\/\/grupotextil.es\/ca\/wp-json\/wp\/v2\/product_tag?post=196843"}],"curies":[{"name":"wp","href":"https:\/\/api.w.org\/{rel}","templated":true}]}}