{"id":196868,"date":"2026-03-03T23:43:11","date_gmt":"2026-03-03T22:43:11","guid":{"rendered":"https:\/\/grupotextil.es\/producto\/reloj-inteligente-stamina-leymi-1047\/"},"modified":"2026-03-04T06:13:50","modified_gmt":"2026-03-04T05:13:50","slug":"reloj-inteligente-stamina-leymi-1047","status":"publish","type":"product","link":"https:\/\/grupotextil.es\/ca\/product\/reloj-inteligente-stamina-leymi-1047\/","title":{"rendered":"Reloj Inteligente Stamina Leymi 1047"},"content":{"rendered":"<p>El reloj inteligente con funciones de actividad es un dispositivo moderno y funcional. Con su esfera metalizada y correa de silicona, ofrece un estilo elegante y contempor\u00e1neo. Su pantalla t\u00e1ctil IPS de 1,39 pulgadas brinda una visualizaci\u00f3n clara y n\u00edtida. Adem\u00e1s, es resistente al polvo y al agua con una clasificaci\u00f3n IP67.<\/p>\n<p>Este reloj cuenta con m\u00e1s de 100 modos de deporte, permiti\u00e9ndote realizar un seguimiento preciso de tus actividades f\u00edsicas. Tambi\u00e9n monitoriza tu frecuencia card\u00edaca y ofrece control de llamadas, lo que te permite recibir notificaciones directamente en tu mu\u00f1eca. Con su conexi\u00f3n a asistentes de voz, puedes controlar diversas funciones mediante comandos de voz.<\/p>\n<p>Adem\u00e1s, el reloj cuenta con una funci\u00f3n para encontrar tu smartphone en caso de p\u00e9rdida y se conecta a una aplicaci\u00f3n compatible con iOS y Android. Incluye un cable USB de carga y se presenta en una elegante caja de dise\u00f1o.<\/p>","protected":false},"excerpt":{"rendered":"<p>El reloj inteligente con funciones de actividad es un dispositivo moderno y funcional. Con su esfera metalizada y correa de silicona, ofrece un estilo elegante y contempor\u00e1neo. Su pantalla t\u00e1ctil IPS de 1,39 pulgadas brinda una visualizaci\u00f3n clara y n\u00edtida. Adem\u00e1s, es resistente al polvo y al agua con una clasificaci\u00f3n IP67.<\/p>\n<p>Este reloj cuenta con m\u00e1s de 100 modos de deporte, permiti\u00e9ndote realizar un seguimiento preciso de tus actividades f\u00edsicas. Tambi\u00e9n monitoriza tu frecuencia card\u00edaca y ofrece control de llamadas, lo que te permite recibir notificaciones directamente en tu mu\u00f1eca. Con su conexi\u00f3n a asistentes de voz, puedes controlar diversas funciones mediante comandos de voz.<\/p>\n<p>Adem\u00e1s, el reloj cuenta con una funci\u00f3n para encontrar tu smartphone en caso de p\u00e9rdida y se conecta a una aplicaci\u00f3n compatible con iOS y Android. Incluye un cable USB de carga y se presenta en una elegante caja de dise\u00f1o.<\/p>","protected":false},"featured_media":196869,"comment_status":"open","ping_status":"closed","template":"","meta":{"_acf_changed":false},"product_brand":[14012],"product_cat":[14006,13959],"product_tag":[],"class_list":{"0":"post-196868","1":"product","2":"type-product","3":"status-publish","4":"has-post-thumbnail","6":"product_brand-stamina","7":"product_cat-acc-merchandising","8":"product_cat-mr-tecnologia","9":"tm-no-options","11":"first","12":"instock","13":"taxable","14":"shipping-taxable","15":"product-type-variable"},"acf":[],"_links":{"self":[{"href":"https:\/\/grupotextil.es\/ca\/wp-json\/wp\/v2\/product\/196868","targetHints":{"allow":["GET"]}}],"collection":[{"href":"https:\/\/grupotextil.es\/ca\/wp-json\/wp\/v2\/product"}],"about":[{"href":"https:\/\/grupotextil.es\/ca\/wp-json\/wp\/v2\/types\/product"}],"replies":[{"embeddable":true,"href":"https:\/\/grupotextil.es\/ca\/wp-json\/wp\/v2\/comments?post=196868"}],"wp:featuredmedia":[{"embeddable":true,"href":"https:\/\/grupotextil.es\/ca\/wp-json\/wp\/v2\/media\/196869"}],"wp:attachment":[{"href":"https:\/\/grupotextil.es\/ca\/wp-json\/wp\/v2\/media?parent=196868"}],"wp:term":[{"taxonomy":"product_brand","embeddable":true,"href":"https:\/\/grupotextil.es\/ca\/wp-json\/wp\/v2\/product_brand?post=196868"},{"taxonomy":"product_cat","embeddable":true,"href":"https:\/\/grupotextil.es\/ca\/wp-json\/wp\/v2\/product_cat?post=196868"},{"taxonomy":"product_tag","embeddable":true,"href":"https:\/\/grupotextil.es\/ca\/wp-json\/wp\/v2\/product_tag?post=196868"}],"curies":[{"name":"wp","href":"https:\/\/api.w.org\/{rel}","templated":true}]}}