{"id":196895,"date":"2026-03-03T23:43:45","date_gmt":"2026-03-03T22:43:45","guid":{"rendered":"https:\/\/grupotextil.es\/producto\/boligrafo-giratorio-aluminio-reciclado-stamina-alvik-7973\/"},"modified":"2026-03-04T06:13:50","modified_gmt":"2026-03-04T05:13:50","slug":"boligrafo-giratorio-aluminio-reciclado-stamina-alvik-7973","status":"publish","type":"product","link":"https:\/\/grupotextil.es\/ca\/product\/boligrafo-giratorio-aluminio-reciclado-stamina-alvik-7973\/","title":{"rendered":"Bol\u00edgrafo Giratorio Aluminio Reciclado Stamina Alvik 7973"},"content":{"rendered":"<p>Elegante bol\u00edgrafo giratorio con cuerpo de aluminio reciclado y detalles metalizados. Un bol\u00edgrafo concienciado con el medioambiente. Carga jumbo de tinta azul.<\/p>","protected":false},"excerpt":{"rendered":"<p>Elegante bol\u00edgrafo giratorio con cuerpo de aluminio reciclado y detalles metalizados. Un bol\u00edgrafo concienciado con el medioambiente. Carga jumbo de tinta azul.<\/p>","protected":false},"featured_media":196896,"comment_status":"open","ping_status":"closed","template":"","meta":{"_acf_changed":false},"product_brand":[14012],"product_cat":[14006,13972],"product_tag":[],"class_list":{"0":"post-196895","1":"product","2":"type-product","3":"status-publish","4":"has-post-thumbnail","6":"product_brand-stamina","7":"product_cat-acc-merchandising","8":"product_cat-oficina-y-escritura","9":"tm-no-options","11":"first","12":"instock","13":"taxable","14":"shipping-taxable","15":"product-type-variable"},"acf":[],"_links":{"self":[{"href":"https:\/\/grupotextil.es\/ca\/wp-json\/wp\/v2\/product\/196895","targetHints":{"allow":["GET"]}}],"collection":[{"href":"https:\/\/grupotextil.es\/ca\/wp-json\/wp\/v2\/product"}],"about":[{"href":"https:\/\/grupotextil.es\/ca\/wp-json\/wp\/v2\/types\/product"}],"replies":[{"embeddable":true,"href":"https:\/\/grupotextil.es\/ca\/wp-json\/wp\/v2\/comments?post=196895"}],"wp:featuredmedia":[{"embeddable":true,"href":"https:\/\/grupotextil.es\/ca\/wp-json\/wp\/v2\/media\/196896"}],"wp:attachment":[{"href":"https:\/\/grupotextil.es\/ca\/wp-json\/wp\/v2\/media?parent=196895"}],"wp:term":[{"taxonomy":"product_brand","embeddable":true,"href":"https:\/\/grupotextil.es\/ca\/wp-json\/wp\/v2\/product_brand?post=196895"},{"taxonomy":"product_cat","embeddable":true,"href":"https:\/\/grupotextil.es\/ca\/wp-json\/wp\/v2\/product_cat?post=196895"},{"taxonomy":"product_tag","embeddable":true,"href":"https:\/\/grupotextil.es\/ca\/wp-json\/wp\/v2\/product_tag?post=196895"}],"curies":[{"name":"wp","href":"https:\/\/api.w.org\/{rel}","templated":true}]}}