{"id":197138,"date":"2026-03-03T23:45:12","date_gmt":"2026-03-03T22:45:12","guid":{"rendered":"https:\/\/grupotextil.es\/producto\/carpeta-a4-multiusos-con-bloc-de-notas-stamina-samar-7984\/"},"modified":"2026-03-04T06:13:51","modified_gmt":"2026-03-04T05:13:51","slug":"carpeta-a4-multiusos-con-bloc-de-notas-stamina-samar-7984","status":"publish","type":"product","link":"https:\/\/grupotextil.es\/ca\/product\/carpeta-a4-multiusos-con-bloc-de-notas-stamina-samar-7984\/","title":{"rendered":"Carpeta A4 Multiusos Con Bloc de Notas Stamina Samar 7984"},"content":{"rendered":"<p>Carpeta A4 multiusos de RPET 600D vigor\u00e9 con cierre magn\u00e9tico. Incluye bloc extra\u00edble de 30 hojas a una raya. 4 compartimentos interiores y soporte para bol\u00edgrafo.<\/p>","protected":false},"excerpt":{"rendered":"<p>Carpeta A4 multiusos de RPET 600D vigor\u00e9 con cierre magn\u00e9tico. Incluye bloc extra\u00edble de 30 hojas a una raya. 4 compartimentos interiores y soporte para bol\u00edgrafo.<\/p>","protected":false},"featured_media":197139,"comment_status":"open","ping_status":"closed","template":"","meta":{"_acf_changed":false},"product_brand":[14012],"product_cat":[14006,13972],"product_tag":[],"class_list":{"0":"post-197138","1":"product","2":"type-product","3":"status-publish","4":"has-post-thumbnail","6":"product_brand-stamina","7":"product_cat-acc-merchandising","8":"product_cat-oficina-y-escritura","9":"tm-no-options","11":"first","12":"instock","13":"taxable","14":"shipping-taxable","15":"product-type-variable"},"acf":[],"_links":{"self":[{"href":"https:\/\/grupotextil.es\/ca\/wp-json\/wp\/v2\/product\/197138","targetHints":{"allow":["GET"]}}],"collection":[{"href":"https:\/\/grupotextil.es\/ca\/wp-json\/wp\/v2\/product"}],"about":[{"href":"https:\/\/grupotextil.es\/ca\/wp-json\/wp\/v2\/types\/product"}],"replies":[{"embeddable":true,"href":"https:\/\/grupotextil.es\/ca\/wp-json\/wp\/v2\/comments?post=197138"}],"wp:featuredmedia":[{"embeddable":true,"href":"https:\/\/grupotextil.es\/ca\/wp-json\/wp\/v2\/media\/197139"}],"wp:attachment":[{"href":"https:\/\/grupotextil.es\/ca\/wp-json\/wp\/v2\/media?parent=197138"}],"wp:term":[{"taxonomy":"product_brand","embeddable":true,"href":"https:\/\/grupotextil.es\/ca\/wp-json\/wp\/v2\/product_brand?post=197138"},{"taxonomy":"product_cat","embeddable":true,"href":"https:\/\/grupotextil.es\/ca\/wp-json\/wp\/v2\/product_cat?post=197138"},{"taxonomy":"product_tag","embeddable":true,"href":"https:\/\/grupotextil.es\/ca\/wp-json\/wp\/v2\/product_tag?post=197138"}],"curies":[{"name":"wp","href":"https:\/\/api.w.org\/{rel}","templated":true}]}}