{"id":197159,"date":"2026-03-03T23:45:39","date_gmt":"2026-03-03T22:45:39","guid":{"rendered":"https:\/\/grupotextil.es\/producto\/auriculares-inalambricos-stamina-luca-1057\/"},"modified":"2026-03-04T23:53:26","modified_gmt":"2026-03-04T22:53:26","slug":"auriculares-inalambricos-stamina-luca-1057","status":"publish","type":"product","link":"https:\/\/grupotextil.es\/ca\/product\/auriculares-inalambricos-stamina-luca-1057\/","title":{"rendered":"Auriculares Inal\u00e1mbricos Stamina Luca 1057"},"content":{"rendered":"<p>Auriculares inal\u00e1mbricos con acabado de tela premium, acolchado de polipiel en la parte superior y almohadillas de tela suave. Cuenta con panel de botones para control de volumen y pistas y funci\u00f3n manos libres, con control de llamadas y micr\u00f3fono integrado. Adem\u00e1s, incorpora un puerto Jack 3,5mm. Con reproducci\u00f3n de audio mediante Bluetooth y en modo MP3 a trav\u00e9s de tarjeta MicroSD.<\/p>","protected":false},"excerpt":{"rendered":"<p>Auriculares inal\u00e1mbricos con acabado de tela premium, acolchado de polipiel en la parte superior y almohadillas de tela suave. Cuenta con panel de botones para control de volumen y pistas y funci\u00f3n manos libres, con control de llamadas y micr\u00f3fono integrado. Adem\u00e1s, incorpora un puerto Jack 3,5mm. Con reproducci\u00f3n de audio mediante Bluetooth y en modo MP3 a trav\u00e9s de tarjeta MicroSD.<\/p>","protected":false},"featured_media":197160,"comment_status":"open","ping_status":"closed","template":"","meta":{"_acf_changed":false},"product_brand":[14012],"product_cat":[14006,13959],"product_tag":[],"class_list":{"0":"post-197159","1":"product","2":"type-product","3":"status-publish","4":"has-post-thumbnail","6":"product_brand-stamina","7":"product_cat-acc-merchandising","8":"product_cat-mr-tecnologia","9":"tm-no-options","11":"first","12":"instock","13":"featured","14":"taxable","15":"shipping-taxable","16":"product-type-variable"},"acf":[],"_links":{"self":[{"href":"https:\/\/grupotextil.es\/ca\/wp-json\/wp\/v2\/product\/197159","targetHints":{"allow":["GET"]}}],"collection":[{"href":"https:\/\/grupotextil.es\/ca\/wp-json\/wp\/v2\/product"}],"about":[{"href":"https:\/\/grupotextil.es\/ca\/wp-json\/wp\/v2\/types\/product"}],"replies":[{"embeddable":true,"href":"https:\/\/grupotextil.es\/ca\/wp-json\/wp\/v2\/comments?post=197159"}],"wp:featuredmedia":[{"embeddable":true,"href":"https:\/\/grupotextil.es\/ca\/wp-json\/wp\/v2\/media\/197160"}],"wp:attachment":[{"href":"https:\/\/grupotextil.es\/ca\/wp-json\/wp\/v2\/media?parent=197159"}],"wp:term":[{"taxonomy":"product_brand","embeddable":true,"href":"https:\/\/grupotextil.es\/ca\/wp-json\/wp\/v2\/product_brand?post=197159"},{"taxonomy":"product_cat","embeddable":true,"href":"https:\/\/grupotextil.es\/ca\/wp-json\/wp\/v2\/product_cat?post=197159"},{"taxonomy":"product_tag","embeddable":true,"href":"https:\/\/grupotextil.es\/ca\/wp-json\/wp\/v2\/product_tag?post=197159"}],"curies":[{"name":"wp","href":"https:\/\/api.w.org\/{rel}","templated":true}]}}