{"id":197167,"date":"2026-03-03T23:45:50","date_gmt":"2026-03-03T22:45:50","guid":{"rendered":"https:\/\/grupotextil.es\/producto\/mochila-nevera-stamina-lombok-7089\/"},"modified":"2026-03-04T06:13:51","modified_gmt":"2026-03-04T05:13:51","slug":"mochila-nevera-stamina-lombok-7089","status":"publish","type":"product","link":"https:\/\/grupotextil.es\/ca\/product\/mochila-nevera-stamina-lombok-7089\/","title":{"rendered":"Mochila Nevera Stamina Lombok 7089"},"content":{"rendered":"<p><strong>PRODUCTO QUE SE DESCATALOGAR\u00c1 CUANDO SE AGOTEN LAS EXISTENCIAS<\/strong> \u2013 Mochila nevera realizada en RPET id\u00f3nea para mantener tu bebida o comida en buena temperatura. Cuenta con un bolsillo principal con interior isot\u00e9rmico y bolsillo en la solapa. Tiene adem\u00e1s, dos bolsillos laterales de rejilla en los laterales ideales para el transporte de botellas. Con espalda y tiras acolchadas para mayor comodidad en su uso.<\/p>","protected":false},"excerpt":{"rendered":"<p><strong>PRODUCTO QUE SE DESCATALOGAR\u00c1 CUANDO SE AGOTEN LAS EXISTENCIAS<\/strong> \u2013 Mochila nevera realizada en RPET id\u00f3nea para mantener tu bebida o comida en buena temperatura. Cuenta con un bolsillo principal con interior isot\u00e9rmico y bolsillo en la solapa. Tiene adem\u00e1s, dos bolsillos laterales de rejilla en los laterales ideales para el transporte de botellas. Con espalda y tiras acolchadas para mayor comodidad en su uso.<\/p>","protected":false},"featured_media":197168,"comment_status":"open","ping_status":"closed","template":"","meta":{"_acf_changed":false},"product_brand":[14012],"product_cat":[13948,14008,9841],"product_tag":[],"class_list":{"0":"post-197167","1":"product","2":"type-product","3":"status-publish","4":"has-post-thumbnail","6":"product_brand-stamina","7":"product_cat-accesorios","8":"product_cat-accesorios-reciclados","9":"product_cat-sostenible","10":"tm-no-options","12":"first","13":"outofstock","14":"taxable","15":"shipping-taxable","16":"product-type-variable"},"acf":[],"_links":{"self":[{"href":"https:\/\/grupotextil.es\/ca\/wp-json\/wp\/v2\/product\/197167","targetHints":{"allow":["GET"]}}],"collection":[{"href":"https:\/\/grupotextil.es\/ca\/wp-json\/wp\/v2\/product"}],"about":[{"href":"https:\/\/grupotextil.es\/ca\/wp-json\/wp\/v2\/types\/product"}],"replies":[{"embeddable":true,"href":"https:\/\/grupotextil.es\/ca\/wp-json\/wp\/v2\/comments?post=197167"}],"wp:featuredmedia":[{"embeddable":true,"href":"https:\/\/grupotextil.es\/ca\/wp-json\/wp\/v2\/media\/197168"}],"wp:attachment":[{"href":"https:\/\/grupotextil.es\/ca\/wp-json\/wp\/v2\/media?parent=197167"}],"wp:term":[{"taxonomy":"product_brand","embeddable":true,"href":"https:\/\/grupotextil.es\/ca\/wp-json\/wp\/v2\/product_brand?post=197167"},{"taxonomy":"product_cat","embeddable":true,"href":"https:\/\/grupotextil.es\/ca\/wp-json\/wp\/v2\/product_cat?post=197167"},{"taxonomy":"product_tag","embeddable":true,"href":"https:\/\/grupotextil.es\/ca\/wp-json\/wp\/v2\/product_tag?post=197167"}],"curies":[{"name":"wp","href":"https:\/\/api.w.org\/{rel}","templated":true}]}}