{"id":197175,"date":"2026-03-03T23:46:06","date_gmt":"2026-03-03T22:46:06","guid":{"rendered":"https:\/\/grupotextil.es\/producto\/mochila-saco-de-algodon-organico-stamina-brest-7087\/"},"modified":"2026-03-04T06:13:51","modified_gmt":"2026-03-04T05:13:51","slug":"mochila-saco-de-algodon-organico-stamina-brest-7087","status":"publish","type":"product","link":"https:\/\/grupotextil.es\/ca\/product\/mochila-saco-de-algodon-organico-stamina-brest-7087\/","title":{"rendered":"Mochila Saco de Algod\u00f3n Org\u00e1nico Stamina Brest 7087"},"content":{"rendered":"<p>Mochila de cordones realizada 100% de algod\u00f3n org\u00e1nico de 140 g\/m\u00b2. Cordones en color a juego con la mochila.<\/p>","protected":false},"excerpt":{"rendered":"<p>Mochila de cordones realizada 100% de algod\u00f3n org\u00e1nico de 140 g\/m\u00b2. Cordones en color a juego con la mochila.<\/p>","protected":false},"featured_media":197176,"comment_status":"open","ping_status":"closed","template":"","meta":{"_acf_changed":false},"product_brand":[14012],"product_cat":[13948,14008,14007,9841],"product_tag":[],"class_list":{"0":"post-197175","1":"product","2":"type-product","3":"status-publish","4":"has-post-thumbnail","6":"product_brand-stamina","7":"product_cat-accesorios","8":"product_cat-accesorios-reciclados","9":"product_cat-ropa-organica","10":"product_cat-sostenible","11":"tm-no-options","13":"first","14":"instock","15":"taxable","16":"shipping-taxable","17":"product-type-variable"},"acf":[],"_links":{"self":[{"href":"https:\/\/grupotextil.es\/ca\/wp-json\/wp\/v2\/product\/197175","targetHints":{"allow":["GET"]}}],"collection":[{"href":"https:\/\/grupotextil.es\/ca\/wp-json\/wp\/v2\/product"}],"about":[{"href":"https:\/\/grupotextil.es\/ca\/wp-json\/wp\/v2\/types\/product"}],"replies":[{"embeddable":true,"href":"https:\/\/grupotextil.es\/ca\/wp-json\/wp\/v2\/comments?post=197175"}],"wp:featuredmedia":[{"embeddable":true,"href":"https:\/\/grupotextil.es\/ca\/wp-json\/wp\/v2\/media\/197176"}],"wp:attachment":[{"href":"https:\/\/grupotextil.es\/ca\/wp-json\/wp\/v2\/media?parent=197175"}],"wp:term":[{"taxonomy":"product_brand","embeddable":true,"href":"https:\/\/grupotextil.es\/ca\/wp-json\/wp\/v2\/product_brand?post=197175"},{"taxonomy":"product_cat","embeddable":true,"href":"https:\/\/grupotextil.es\/ca\/wp-json\/wp\/v2\/product_cat?post=197175"},{"taxonomy":"product_tag","embeddable":true,"href":"https:\/\/grupotextil.es\/ca\/wp-json\/wp\/v2\/product_tag?post=197175"}],"curies":[{"name":"wp","href":"https:\/\/api.w.org\/{rel}","templated":true}]}}